{"id":3143,"date":"2021-03-01T19:17:15","date_gmt":"2021-03-02T00:17:15","guid":{"rendered":"https:\/\/www.daichcoatings.com\/?product=import-placeholder-for-18342"},"modified":"2026-02-11T10:32:04","modified_gmt":"2026-02-11T15:32:04","slug":"garage-driveway-sealer","status":"publish","type":"product","link":"https:\/\/daichcoatings.com\/fr\/shop\/garage-driveway-sealer\/","title":{"rendered":"Scellant pour garage et all\u00e9e"},"content":{"rendered":"<p>Il s\u2019agit d\u2019un rev\u00eatement protecteur pr\u00e9m\u00e9lang\u00e9 facile \u00e0 appliquer qui forme une excellente barri\u00e8re transparente qui r\u00e9siste \u00e0 l\u2019eau, au sel, \u00e0 l\u2019abrasion, aux chocs, aux produits chimiques et bien plus. De plus, gr\u00e2ce \u00e0 sa grande r\u00e9sistance aux marques laiss\u00e9es par le frottement des pneus, il contribue \u00e0 l\u2019esth\u00e9tique des planchers de garage et des\nall\u00e9es.<\/p>\n<p>Il s\u2019agit \u00e9galement d\u2019une excellente couche de finition \u00e0 faible teneur en COV \u00e0 utiliser sur tous les rev\u00eatements de sols et de planchers d\u00e9coratifs de pierre DAICH. Il suffit de l\u2019appliquer en deux couches pour obtenir un lustre satin\u00e9 et\ndurable qui rehausse la couleur.<\/p>","protected":false},"excerpt":{"rendered":"<p>Low Sheen Sealer<\/p>","protected":false},"featured_media":96506,"comment_status":"open","ping_status":"closed","template":"","meta":{"_kad_post_transparent":"default","_kad_post_title":"","_kad_post_layout":"default","_kad_post_sidebar_id":"","_kad_post_content_style":"default","_kad_post_vertical_padding":"default","_kad_post_feature":"","_kad_post_feature_position":"","_kad_post_header":false,"_kad_post_footer":false,"_kad_post_classname":""},"product_brand":[],"product_cat":[28,58],"product_tag":[309,312,311],"class_list":{"0":"post-3143","1":"product","2":"type-product","3":"status-publish","4":"has-post-thumbnail","6":"product_cat-floor-coatings","7":"product_cat-sealers-clear-coats","8":"product_tag-concrete-sealer","9":"product_tag-driveway-sealer","10":"product_tag-garage","11":"product_shipping_class-free-shipping","13":"first","14":"instock","15":"taxable","16":"shipping-taxable","17":"purchasable","18":"product-type-variable","19":"has-default-attributes","20":"entry","21":"content-bg","22":"loop-entry"},"yoast_head":"<!-- This site is optimized with the Yoast SEO plugin v27.3 - https:\/\/yoast.com\/product\/yoast-seo-wordpress\/ -->\n<title>DaiHard\u00ae Garage and Driveway Sealer - Daich Coatings<\/title>\n<meta name=\"description\" content=\"Beautify and protect drab concrete. And most other interior\/exterior concrete surfaces \u2013 with DaiHard\u00ae Garage and Driveway Concrete Sealer.\" \/>\n<meta name=\"robots\" content=\"index, follow, max-snippet:-1, max-image-preview:large, max-video-preview:-1\" \/>\n<link rel=\"canonical\" href=\"https:\/\/daichcoatings.com\/fr\/shop\/garage-driveway-sealer\/\" \/>\n<meta property=\"og:locale\" content=\"fr_CA\" \/>\n<meta property=\"og:type\" content=\"article\" \/>\n<meta property=\"og:title\" content=\"DaiHard\u00ae Garage and Driveway Sealer - Daich Coatings\" \/>\n<meta property=\"og:description\" content=\"Beautify and protect drab concrete. And most other interior\/exterior concrete surfaces \u2013 with DaiHard\u00ae Garage and Driveway Concrete Sealer.\" \/>\n<meta property=\"og:url\" content=\"https:\/\/daichcoatings.com\/fr\/shop\/garage-driveway-sealer\/\" \/>\n<meta property=\"og:site_name\" content=\"Daich Coatings\" \/>\n<meta property=\"article:publisher\" content=\"https:\/\/www.facebook.com\/Decorativecoatingoverlays\/\" \/>\n<meta property=\"article:modified_time\" content=\"2026-02-11T15:32:04+00:00\" \/>\n<meta property=\"og:image\" content=\"https:\/\/daichcoatings.com\/wp-content\/uploads\/2021\/03\/DaiHard-GD-Concrete-Sealer-usa.webp\" \/>\n\t<meta property=\"og:image:width\" content=\"636\" \/>\n\t<meta property=\"og:image:height\" content=\"897\" \/>\n\t<meta property=\"og:image:type\" content=\"image\/webp\" \/>\n<meta name=\"twitter:label1\" content=\"Estimation du temps de lecture\" \/>\n\t<meta name=\"twitter:data1\" content=\"1 minute\" \/>\n<script type=\"application\/ld+json\" class=\"yoast-schema-graph\">{\"@context\":\"https:\\\/\\\/schema.org\",\"@graph\":[{\"@type\":\"WebPage\",\"@id\":\"https:\\\/\\\/daichcoatings.com\\\/shop\\\/garage-driveway-sealer\\\/\",\"url\":\"https:\\\/\\\/daichcoatings.com\\\/shop\\\/garage-driveway-sealer\\\/\",\"name\":\"DaiHard\u00ae Garage and Driveway Sealer - Daich Coatings\",\"isPartOf\":{\"@id\":\"https:\\\/\\\/daichcoatings.com\\\/#website\"},\"primaryImageOfPage\":{\"@id\":\"https:\\\/\\\/daichcoatings.com\\\/shop\\\/garage-driveway-sealer\\\/#primaryimage\"},\"image\":{\"@id\":\"https:\\\/\\\/daichcoatings.com\\\/shop\\\/garage-driveway-sealer\\\/#primaryimage\"},\"thumbnailUrl\":\"https:\\\/\\\/daichcoatings.com\\\/wp-content\\\/uploads\\\/2021\\\/03\\\/DaiHard-GD-Concrete-Sealer-usa.webp\",\"datePublished\":\"2021-03-02T00:17:15+00:00\",\"dateModified\":\"2026-02-11T15:32:04+00:00\",\"description\":\"Beautify and protect drab concrete. And most other interior\\\/exterior concrete surfaces \u2013 with DaiHard\u00ae Garage and Driveway Concrete Sealer.\",\"breadcrumb\":{\"@id\":\"https:\\\/\\\/daichcoatings.com\\\/shop\\\/garage-driveway-sealer\\\/#breadcrumb\"},\"inLanguage\":\"fr-CA\",\"potentialAction\":[{\"@type\":\"ReadAction\",\"target\":[\"https:\\\/\\\/daichcoatings.com\\\/shop\\\/garage-driveway-sealer\\\/\"]}]},{\"@type\":\"ImageObject\",\"inLanguage\":\"fr-CA\",\"@id\":\"https:\\\/\\\/daichcoatings.com\\\/shop\\\/garage-driveway-sealer\\\/#primaryimage\",\"url\":\"https:\\\/\\\/daichcoatings.com\\\/wp-content\\\/uploads\\\/2021\\\/03\\\/DaiHard-GD-Concrete-Sealer-usa.webp\",\"contentUrl\":\"https:\\\/\\\/daichcoatings.com\\\/wp-content\\\/uploads\\\/2021\\\/03\\\/DaiHard-GD-Concrete-Sealer-usa.webp\",\"width\":636,\"height\":897},{\"@type\":\"BreadcrumbList\",\"@id\":\"https:\\\/\\\/daichcoatings.com\\\/shop\\\/garage-driveway-sealer\\\/#breadcrumb\",\"itemListElement\":[{\"@type\":\"ListItem\",\"position\":1,\"name\":\"Home\",\"item\":\"https:\\\/\\\/daichcoatings.com\\\/\"},{\"@type\":\"ListItem\",\"position\":2,\"name\":\"Shop\",\"item\":\"https:\\\/\\\/daichcoatings.com.dream.website\\\/fr\\\/shop\\\/\"},{\"@type\":\"ListItem\",\"position\":3,\"name\":\"Garage &#038; Driveway Sealer\"}]},{\"@type\":\"WebSite\",\"@id\":\"https:\\\/\\\/daichcoatings.com\\\/#website\",\"url\":\"https:\\\/\\\/daichcoatings.com\\\/\",\"name\":\"Daich Coatings\",\"description\":\"Real Stone Coatings!\",\"publisher\":{\"@id\":\"https:\\\/\\\/daichcoatings.com\\\/#organization\"},\"potentialAction\":[{\"@type\":\"SearchAction\",\"target\":{\"@type\":\"EntryPoint\",\"urlTemplate\":\"https:\\\/\\\/daichcoatings.com\\\/?s={search_term_string}\"},\"query-input\":{\"@type\":\"PropertyValueSpecification\",\"valueRequired\":true,\"valueName\":\"search_term_string\"}}],\"inLanguage\":\"fr-CA\"},{\"@type\":\"Organization\",\"@id\":\"https:\\\/\\\/daichcoatings.com\\\/#organization\",\"name\":\"Daich Coatings Inc\",\"url\":\"https:\\\/\\\/daichcoatings.com\\\/\",\"logo\":{\"@type\":\"ImageObject\",\"inLanguage\":\"fr-CA\",\"@id\":\"https:\\\/\\\/daichcoatings.com\\\/#\\\/schema\\\/logo\\\/image\\\/\",\"url\":\"https:\\\/\\\/daichcoatings.com\\\/wp-content\\\/uploads\\\/2025\\\/01\\\/Daich-Logo-2014-72_resize.png\",\"contentUrl\":\"https:\\\/\\\/daichcoatings.com\\\/wp-content\\\/uploads\\\/2025\\\/01\\\/Daich-Logo-2014-72_resize.png\",\"width\":194,\"height\":200,\"caption\":\"Daich Coatings Inc\"},\"image\":{\"@id\":\"https:\\\/\\\/daichcoatings.com\\\/#\\\/schema\\\/logo\\\/image\\\/\"},\"sameAs\":[\"https:\\\/\\\/www.facebook.com\\\/Decorativecoatingoverlays\\\/\",\"https:\\\/\\\/www.instagram.com\\\/daichcoatings\\\/\",\"https:\\\/\\\/www.youtube.com\\\/user\\\/DaichProducts\"]}]}<\/script>\n<!-- \/ Yoast SEO plugin. -->","yoast_head_json":{"title":"DaiHard\u00ae Garage and Driveway Sealer - Daich Coatings","description":"Beautify and protect drab concrete. And most other interior\/exterior concrete surfaces \u2013 with DaiHard\u00ae Garage and Driveway Concrete Sealer.","robots":{"index":"index","follow":"follow","max-snippet":"max-snippet:-1","max-image-preview":"max-image-preview:large","max-video-preview":"max-video-preview:-1"},"canonical":"https:\/\/daichcoatings.com\/fr\/shop\/garage-driveway-sealer\/","og_locale":"fr_CA","og_type":"article","og_title":"DaiHard\u00ae Garage and Driveway Sealer - Daich Coatings","og_description":"Beautify and protect drab concrete. And most other interior\/exterior concrete surfaces \u2013 with DaiHard\u00ae Garage and Driveway Concrete Sealer.","og_url":"https:\/\/daichcoatings.com\/fr\/shop\/garage-driveway-sealer\/","og_site_name":"Daich Coatings","article_publisher":"https:\/\/www.facebook.com\/Decorativecoatingoverlays\/","article_modified_time":"2026-02-11T15:32:04+00:00","og_image":[{"width":636,"height":897,"url":"https:\/\/daichcoatings.com\/wp-content\/uploads\/2021\/03\/DaiHard-GD-Concrete-Sealer-usa.webp","type":"image\/webp"}],"twitter_misc":{"Estimation du temps de lecture":"1 minute"},"schema":{"@context":"https:\/\/schema.org","@graph":[{"@type":"WebPage","@id":"https:\/\/daichcoatings.com\/shop\/garage-driveway-sealer\/","url":"https:\/\/daichcoatings.com\/shop\/garage-driveway-sealer\/","name":"DaiHard\u00ae Garage and Driveway Sealer - Daich Coatings","isPartOf":{"@id":"https:\/\/daichcoatings.com\/#website"},"primaryImageOfPage":{"@id":"https:\/\/daichcoatings.com\/shop\/garage-driveway-sealer\/#primaryimage"},"image":{"@id":"https:\/\/daichcoatings.com\/shop\/garage-driveway-sealer\/#primaryimage"},"thumbnailUrl":"https:\/\/daichcoatings.com\/wp-content\/uploads\/2021\/03\/DaiHard-GD-Concrete-Sealer-usa.webp","datePublished":"2021-03-02T00:17:15+00:00","dateModified":"2026-02-11T15:32:04+00:00","description":"Beautify and protect drab concrete. And most other interior\/exterior concrete surfaces \u2013 with DaiHard\u00ae Garage and Driveway Concrete Sealer.","breadcrumb":{"@id":"https:\/\/daichcoatings.com\/shop\/garage-driveway-sealer\/#breadcrumb"},"inLanguage":"fr-CA","potentialAction":[{"@type":"ReadAction","target":["https:\/\/daichcoatings.com\/shop\/garage-driveway-sealer\/"]}]},{"@type":"ImageObject","inLanguage":"fr-CA","@id":"https:\/\/daichcoatings.com\/shop\/garage-driveway-sealer\/#primaryimage","url":"https:\/\/daichcoatings.com\/wp-content\/uploads\/2021\/03\/DaiHard-GD-Concrete-Sealer-usa.webp","contentUrl":"https:\/\/daichcoatings.com\/wp-content\/uploads\/2021\/03\/DaiHard-GD-Concrete-Sealer-usa.webp","width":636,"height":897},{"@type":"BreadcrumbList","@id":"https:\/\/daichcoatings.com\/shop\/garage-driveway-sealer\/#breadcrumb","itemListElement":[{"@type":"ListItem","position":1,"name":"Home","item":"https:\/\/daichcoatings.com\/"},{"@type":"ListItem","position":2,"name":"Shop","item":"https:\/\/daichcoatings.com.dream.website\/fr\/shop\/"},{"@type":"ListItem","position":3,"name":"Garage &#038; Driveway Sealer"}]},{"@type":"WebSite","@id":"https:\/\/daichcoatings.com\/#website","url":"https:\/\/daichcoatings.com\/","name":"Daich Coatings","description":"Real Stone Coatings!","publisher":{"@id":"https:\/\/daichcoatings.com\/#organization"},"potentialAction":[{"@type":"SearchAction","target":{"@type":"EntryPoint","urlTemplate":"https:\/\/daichcoatings.com\/?s={search_term_string}"},"query-input":{"@type":"PropertyValueSpecification","valueRequired":true,"valueName":"search_term_string"}}],"inLanguage":"fr-CA"},{"@type":"Organization","@id":"https:\/\/daichcoatings.com\/#organization","name":"Daich Coatings Inc","url":"https:\/\/daichcoatings.com\/","logo":{"@type":"ImageObject","inLanguage":"fr-CA","@id":"https:\/\/daichcoatings.com\/#\/schema\/logo\/image\/","url":"https:\/\/daichcoatings.com\/wp-content\/uploads\/2025\/01\/Daich-Logo-2014-72_resize.png","contentUrl":"https:\/\/daichcoatings.com\/wp-content\/uploads\/2025\/01\/Daich-Logo-2014-72_resize.png","width":194,"height":200,"caption":"Daich Coatings Inc"},"image":{"@id":"https:\/\/daichcoatings.com\/#\/schema\/logo\/image\/"},"sameAs":["https:\/\/www.facebook.com\/Decorativecoatingoverlays\/","https:\/\/www.instagram.com\/daichcoatings\/","https:\/\/www.youtube.com\/user\/DaichProducts"]}]}},"jetpack_sharing_enabled":true,"_links":{"self":[{"href":"https:\/\/daichcoatings.com\/fr\/wp-json\/wp\/v2\/product\/3143","targetHints":{"allow":["GET"]}}],"collection":[{"href":"https:\/\/daichcoatings.com\/fr\/wp-json\/wp\/v2\/product"}],"about":[{"href":"https:\/\/daichcoatings.com\/fr\/wp-json\/wp\/v2\/types\/product"}],"replies":[{"embeddable":true,"href":"https:\/\/daichcoatings.com\/fr\/wp-json\/wp\/v2\/comments?post=3143"}],"version-history":[{"count":1,"href":"https:\/\/daichcoatings.com\/fr\/wp-json\/wp\/v2\/product\/3143\/revisions"}],"predecessor-version":[{"id":101172,"href":"https:\/\/daichcoatings.com\/fr\/wp-json\/wp\/v2\/product\/3143\/revisions\/101172"}],"wp:featuredmedia":[{"embeddable":true,"href":"https:\/\/daichcoatings.com\/fr\/wp-json\/wp\/v2\/media\/96506"}],"wp:attachment":[{"href":"https:\/\/daichcoatings.com\/fr\/wp-json\/wp\/v2\/media?parent=3143"}],"wp:term":[{"taxonomy":"product_brand","embeddable":true,"href":"https:\/\/daichcoatings.com\/fr\/wp-json\/wp\/v2\/product_brand?post=3143"},{"taxonomy":"product_cat","embeddable":true,"href":"https:\/\/daichcoatings.com\/fr\/wp-json\/wp\/v2\/product_cat?post=3143"},{"taxonomy":"product_tag","embeddable":true,"href":"https:\/\/daichcoatings.com\/fr\/wp-json\/wp\/v2\/product_tag?post=3143"}],"curies":[{"name":"wp","href":"https:\/\/api.w.org\/{rel}","templated":true}]}}