{"id":3082,"date":"2021-03-01T19:16:24","date_gmt":"2021-03-01T19:16:24","guid":{"rendered":"https:\/\/www.daichcoatings.com\/?product=import-placeholder-for-3174"},"modified":"2026-01-06T08:52:41","modified_gmt":"2026-01-06T13:52:41","slug":"stencil-kits","status":"publish","type":"product","link":"https:\/\/daichcoatings.com\/fr\/shop\/stencil-kits\/","title":{"rendered":"Kits de pochoirs"},"content":{"rendered":"<p>Ashlar Slate Decorative Concrete Stencil 150 sq.ft. 20-Piece Kit with Adhesive.<\/p>\n<p>Transformer le b\u00e9ton et d'autres surfaces en superbes pi\u00e8ces d\u00e9coratives est rapide et facile avec les kits de pochoirs d\u00e9coratifs en b\u00e9ton DAICH. Il n'est pas n\u00e9cessaire d'avoir des comp\u00e9tences artistiques ou de se contenter d'un patio peint ennuyeux si ce que vous voulez vraiment, c'est l'aspect authentique de la dalle. Ces feuilles de pochoir pr\u00e9d\u00e9coup\u00e9es sont faciles \u00e0 mettre en place avec des bandes adh\u00e9sives incluses. Fixez simplement autant de feuilles que n\u00e9cessaire sur votre surface appr\u00eat\u00e9e et appliquez votre rev\u00eatement de sol ou de mur en pierre d\u00e9coratif DAICH pr\u00e9f\u00e9r\u00e9 sur le dessus. D\u00e9collez ensuite le pochoir et aimez le look de votre nouvelle surface.<\/p>\n<p><a href=\"https:\/\/daichcoatings.com\/wp-content\/uploads\/2021\/03\/Stencil-Kit-Instructions.pdf\">Stencil Kit Instructions<\/a><\/p>\n<table style=\"border-collapse: collapse; width: 961px; height: 74px;\" width=\"96\">\n<tbody>\n<tr style=\"height: 121.5pt;\">\n<td style=\"width: 72pt; height: 121.5pt;\" width=\"96\" height=\"162\">\n<ul>\n<li>Ajoute rapidement et facilement de superbes motifs d\u00e9coratifs de pierres et de carreaux au b\u00e9ton et \u00e0 d'autres surfaces.<\/li>\n<\/ul>\n<\/td>\n<\/tr>\n<\/tbody>\n<\/table>\n<table style=\"border-collapse: collapse; width: 841px; height: 99px;\" width=\"95\">\n<tbody>\n<tr style=\"height: 15.0pt;\">\n<td style=\"width: 71pt; height: 15.0pt;\" width=\"95\" height=\"20\">\n<ul>\n<li>Ensemble de pochoirs de 20 pi\u00e8ces, couvre 150 pieds carr\u00e9s.<\/li>\n<\/ul>\n<\/td>\n<\/tr>\n<\/tbody>\n<\/table>\n<table style=\"border-collapse: collapse; width: 1031px; height: 24px;\" width=\"95\">\n<tbody>\n<tr style=\"height: 15.0pt;\">\n<td style=\"width: 71pt; height: 15.0pt;\" width=\"95\" height=\"20\">\n<ul>\n<li>Comprend un adh\u00e9sif pour fixer les pochoirs sur des surfaces appr\u00eat\u00e9es<\/li>\n<\/ul>\n<\/td>\n<\/tr>\n<\/tbody>\n<\/table>\n<table style=\"border-collapse: collapse; width: 931px; height: 59px;\" width=\"95\">\n<tbody>\n<tr style=\"height: 15.0pt;\">\n<td style=\"width: 71pt; height: 15.0pt;\" width=\"95\" height=\"20\">\n<ul>\n<li>Transforme compl\u00e8tement les patios, les all\u00e9es, les terrasses de piscine, les sols de garage et plus encore en surfaces \u00e9l\u00e9gantes de qualit\u00e9 design.<\/li>\n<\/ul>\n<\/td>\n<\/tr>\n<\/tbody>\n<\/table>\n<table style=\"border-collapse: collapse; width: 958px; height: 24px;\" width=\"96\">\n<tbody>\n<tr style=\"height: 121.5pt;\">\n<td style=\"width: 72pt; height: 121.5pt;\" width=\"96\" height=\"162\">\n<ul>\n<li>Fait passer votre projet de rev\u00eatement de pierre DAICH RollerRock, SpreadStone ou SpreadRock \u00e0 un tout autre niveau.<\/li>\n<\/ul>\n<\/td>\n<\/tr>\n<\/tbody>\n<\/table>","protected":false},"excerpt":{"rendered":"<p>Pochoir d\u00e9coratif pour b\u00e9ton 150 pi\u00b2 Kit de 20 pi\u00e8ces avec adh\u00e9sif<\/p>\n<p>Ajoute rapidement et facilement de superbes motifs d\u00e9coratifs de pierres et de carreaux au b\u00e9ton et \u00e0 d'autres surfaces.<\/p>","protected":false},"featured_media":3706,"comment_status":"closed","ping_status":"closed","template":"","meta":{"_kad_post_transparent":"default","_kad_post_title":"","_kad_post_layout":"default","_kad_post_sidebar_id":"","_kad_post_content_style":"default","_kad_post_vertical_padding":"default","_kad_post_feature":"","_kad_post_feature_position":"","_kad_post_header":false,"_kad_post_footer":false,"_kad_post_classname":""},"product_brand":[],"product_cat":[33],"product_tag":[],"class_list":{"0":"post-3082","1":"product","2":"type-product","3":"status-publish","4":"has-post-thumbnail","6":"product_cat-tools_accessories","8":"first","9":"outofstock","10":"taxable","11":"shipping-taxable","12":"purchasable","13":"product-type-variable","14":"has-default-attributes","15":"entry","16":"content-bg","17":"loop-entry"},"yoast_head":"<!-- This site is optimized with the Yoast SEO plugin v27.3 - https:\/\/yoast.com\/product\/yoast-seo-wordpress\/ -->\n<title>Stencil Kits - Daich Coatings<\/title>\n<meta name=\"description\" content=\"Turning concrete and other surfaces into stunning decorative showpieces is fast and easy with DAICH decorative concrete stencil kits.\" \/>\n<meta name=\"robots\" content=\"index, follow, max-snippet:-1, max-image-preview:large, max-video-preview:-1\" \/>\n<link rel=\"canonical\" href=\"https:\/\/daichcoatings.com\/fr\/shop\/stencil-kits\/\" \/>\n<meta property=\"og:locale\" content=\"fr_CA\" \/>\n<meta property=\"og:type\" content=\"article\" \/>\n<meta property=\"og:title\" content=\"Stencil Kits - Daich Coatings\" \/>\n<meta property=\"og:description\" content=\"Turning concrete and other surfaces into stunning decorative showpieces is fast and easy with DAICH decorative concrete stencil kits.\" \/>\n<meta property=\"og:url\" content=\"https:\/\/daichcoatings.com\/fr\/shop\/stencil-kits\/\" \/>\n<meta property=\"og:site_name\" content=\"Daich Coatings\" \/>\n<meta property=\"article:publisher\" content=\"https:\/\/www.facebook.com\/Decorativecoatingoverlays\/\" \/>\n<meta property=\"article:modified_time\" content=\"2026-01-06T13:52:41+00:00\" \/>\n<meta property=\"og:image\" content=\"https:\/\/daichcoatings.com\/wp-content\/uploads\/2021\/03\/Flagstone-Stencil-Pattern.jpg\" \/>\n\t<meta property=\"og:image:width\" content=\"1800\" \/>\n\t<meta property=\"og:image:height\" content=\"1800\" \/>\n\t<meta property=\"og:image:type\" content=\"image\/jpeg\" \/>\n<meta name=\"twitter:label1\" content=\"Estimation du temps de lecture\" \/>\n\t<meta name=\"twitter:data1\" content=\"1 minute\" \/>\n<script type=\"application\/ld+json\" class=\"yoast-schema-graph\">{\"@context\":\"https:\\\/\\\/schema.org\",\"@graph\":[{\"@type\":\"WebPage\",\"@id\":\"https:\\\/\\\/daichcoatings.com\\\/shop\\\/stencil-kits\\\/\",\"url\":\"https:\\\/\\\/daichcoatings.com\\\/shop\\\/stencil-kits\\\/\",\"name\":\"Stencil Kits - Daich Coatings\",\"isPartOf\":{\"@id\":\"https:\\\/\\\/daichcoatings.com\\\/#website\"},\"primaryImageOfPage\":{\"@id\":\"https:\\\/\\\/daichcoatings.com\\\/shop\\\/stencil-kits\\\/#primaryimage\"},\"image\":{\"@id\":\"https:\\\/\\\/daichcoatings.com\\\/shop\\\/stencil-kits\\\/#primaryimage\"},\"thumbnailUrl\":\"https:\\\/\\\/daichcoatings.com\\\/wp-content\\\/uploads\\\/2021\\\/03\\\/Flagstone-Stencil-Pattern.jpg\",\"datePublished\":\"2021-03-01T19:16:24+00:00\",\"dateModified\":\"2026-01-06T13:52:41+00:00\",\"description\":\"Turning concrete and other surfaces into stunning decorative showpieces is fast and easy with DAICH decorative concrete stencil kits.\",\"breadcrumb\":{\"@id\":\"https:\\\/\\\/daichcoatings.com\\\/shop\\\/stencil-kits\\\/#breadcrumb\"},\"inLanguage\":\"fr-CA\",\"potentialAction\":[{\"@type\":\"ReadAction\",\"target\":[\"https:\\\/\\\/daichcoatings.com\\\/shop\\\/stencil-kits\\\/\"]}]},{\"@type\":\"ImageObject\",\"inLanguage\":\"fr-CA\",\"@id\":\"https:\\\/\\\/daichcoatings.com\\\/shop\\\/stencil-kits\\\/#primaryimage\",\"url\":\"https:\\\/\\\/daichcoatings.com\\\/wp-content\\\/uploads\\\/2021\\\/03\\\/Flagstone-Stencil-Pattern.jpg\",\"contentUrl\":\"https:\\\/\\\/daichcoatings.com\\\/wp-content\\\/uploads\\\/2021\\\/03\\\/Flagstone-Stencil-Pattern.jpg\",\"width\":1800,\"height\":1800,\"caption\":\"Flagstone Stencil Pattern\"},{\"@type\":\"BreadcrumbList\",\"@id\":\"https:\\\/\\\/daichcoatings.com\\\/shop\\\/stencil-kits\\\/#breadcrumb\",\"itemListElement\":[{\"@type\":\"ListItem\",\"position\":1,\"name\":\"Home\",\"item\":\"https:\\\/\\\/daichcoatings.com\\\/\"},{\"@type\":\"ListItem\",\"position\":2,\"name\":\"Shop\",\"item\":\"https:\\\/\\\/daichcoatings.com.dream.website\\\/fr\\\/shop\\\/\"},{\"@type\":\"ListItem\",\"position\":3,\"name\":\"Stencil Kits\"}]},{\"@type\":\"WebSite\",\"@id\":\"https:\\\/\\\/daichcoatings.com\\\/#website\",\"url\":\"https:\\\/\\\/daichcoatings.com\\\/\",\"name\":\"Daich Coatings\",\"description\":\"Real Stone Coatings!\",\"publisher\":{\"@id\":\"https:\\\/\\\/daichcoatings.com\\\/#organization\"},\"potentialAction\":[{\"@type\":\"SearchAction\",\"target\":{\"@type\":\"EntryPoint\",\"urlTemplate\":\"https:\\\/\\\/daichcoatings.com\\\/?s={search_term_string}\"},\"query-input\":{\"@type\":\"PropertyValueSpecification\",\"valueRequired\":true,\"valueName\":\"search_term_string\"}}],\"inLanguage\":\"fr-CA\"},{\"@type\":\"Organization\",\"@id\":\"https:\\\/\\\/daichcoatings.com\\\/#organization\",\"name\":\"Daich Coatings Inc\",\"url\":\"https:\\\/\\\/daichcoatings.com\\\/\",\"logo\":{\"@type\":\"ImageObject\",\"inLanguage\":\"fr-CA\",\"@id\":\"https:\\\/\\\/daichcoatings.com\\\/#\\\/schema\\\/logo\\\/image\\\/\",\"url\":\"https:\\\/\\\/daichcoatings.com\\\/wp-content\\\/uploads\\\/2025\\\/01\\\/Daich-Logo-2014-72_resize.png\",\"contentUrl\":\"https:\\\/\\\/daichcoatings.com\\\/wp-content\\\/uploads\\\/2025\\\/01\\\/Daich-Logo-2014-72_resize.png\",\"width\":194,\"height\":200,\"caption\":\"Daich Coatings Inc\"},\"image\":{\"@id\":\"https:\\\/\\\/daichcoatings.com\\\/#\\\/schema\\\/logo\\\/image\\\/\"},\"sameAs\":[\"https:\\\/\\\/www.facebook.com\\\/Decorativecoatingoverlays\\\/\",\"https:\\\/\\\/www.instagram.com\\\/daichcoatings\\\/\",\"https:\\\/\\\/www.youtube.com\\\/user\\\/DaichProducts\"]}]}<\/script>\n<!-- \/ Yoast SEO plugin. -->","yoast_head_json":{"title":"Stencil Kits - Daich Coatings","description":"Turning concrete and other surfaces into stunning decorative showpieces is fast and easy with DAICH decorative concrete stencil kits.","robots":{"index":"index","follow":"follow","max-snippet":"max-snippet:-1","max-image-preview":"max-image-preview:large","max-video-preview":"max-video-preview:-1"},"canonical":"https:\/\/daichcoatings.com\/fr\/shop\/stencil-kits\/","og_locale":"fr_CA","og_type":"article","og_title":"Stencil Kits - Daich Coatings","og_description":"Turning concrete and other surfaces into stunning decorative showpieces is fast and easy with DAICH decorative concrete stencil kits.","og_url":"https:\/\/daichcoatings.com\/fr\/shop\/stencil-kits\/","og_site_name":"Daich Coatings","article_publisher":"https:\/\/www.facebook.com\/Decorativecoatingoverlays\/","article_modified_time":"2026-01-06T13:52:41+00:00","og_image":[{"width":1800,"height":1800,"url":"https:\/\/daichcoatings.com\/wp-content\/uploads\/2021\/03\/Flagstone-Stencil-Pattern.jpg","type":"image\/jpeg"}],"twitter_misc":{"Estimation du temps de lecture":"1 minute"},"schema":{"@context":"https:\/\/schema.org","@graph":[{"@type":"WebPage","@id":"https:\/\/daichcoatings.com\/shop\/stencil-kits\/","url":"https:\/\/daichcoatings.com\/shop\/stencil-kits\/","name":"Stencil Kits - Daich Coatings","isPartOf":{"@id":"https:\/\/daichcoatings.com\/#website"},"primaryImageOfPage":{"@id":"https:\/\/daichcoatings.com\/shop\/stencil-kits\/#primaryimage"},"image":{"@id":"https:\/\/daichcoatings.com\/shop\/stencil-kits\/#primaryimage"},"thumbnailUrl":"https:\/\/daichcoatings.com\/wp-content\/uploads\/2021\/03\/Flagstone-Stencil-Pattern.jpg","datePublished":"2021-03-01T19:16:24+00:00","dateModified":"2026-01-06T13:52:41+00:00","description":"Turning concrete and other surfaces into stunning decorative showpieces is fast and easy with DAICH decorative concrete stencil kits.","breadcrumb":{"@id":"https:\/\/daichcoatings.com\/shop\/stencil-kits\/#breadcrumb"},"inLanguage":"fr-CA","potentialAction":[{"@type":"ReadAction","target":["https:\/\/daichcoatings.com\/shop\/stencil-kits\/"]}]},{"@type":"ImageObject","inLanguage":"fr-CA","@id":"https:\/\/daichcoatings.com\/shop\/stencil-kits\/#primaryimage","url":"https:\/\/daichcoatings.com\/wp-content\/uploads\/2021\/03\/Flagstone-Stencil-Pattern.jpg","contentUrl":"https:\/\/daichcoatings.com\/wp-content\/uploads\/2021\/03\/Flagstone-Stencil-Pattern.jpg","width":1800,"height":1800,"caption":"Flagstone Stencil Pattern"},{"@type":"BreadcrumbList","@id":"https:\/\/daichcoatings.com\/shop\/stencil-kits\/#breadcrumb","itemListElement":[{"@type":"ListItem","position":1,"name":"Home","item":"https:\/\/daichcoatings.com\/"},{"@type":"ListItem","position":2,"name":"Shop","item":"https:\/\/daichcoatings.com.dream.website\/fr\/shop\/"},{"@type":"ListItem","position":3,"name":"Stencil Kits"}]},{"@type":"WebSite","@id":"https:\/\/daichcoatings.com\/#website","url":"https:\/\/daichcoatings.com\/","name":"Daich Coatings","description":"Real Stone Coatings!","publisher":{"@id":"https:\/\/daichcoatings.com\/#organization"},"potentialAction":[{"@type":"SearchAction","target":{"@type":"EntryPoint","urlTemplate":"https:\/\/daichcoatings.com\/?s={search_term_string}"},"query-input":{"@type":"PropertyValueSpecification","valueRequired":true,"valueName":"search_term_string"}}],"inLanguage":"fr-CA"},{"@type":"Organization","@id":"https:\/\/daichcoatings.com\/#organization","name":"Daich Coatings Inc","url":"https:\/\/daichcoatings.com\/","logo":{"@type":"ImageObject","inLanguage":"fr-CA","@id":"https:\/\/daichcoatings.com\/#\/schema\/logo\/image\/","url":"https:\/\/daichcoatings.com\/wp-content\/uploads\/2025\/01\/Daich-Logo-2014-72_resize.png","contentUrl":"https:\/\/daichcoatings.com\/wp-content\/uploads\/2025\/01\/Daich-Logo-2014-72_resize.png","width":194,"height":200,"caption":"Daich Coatings Inc"},"image":{"@id":"https:\/\/daichcoatings.com\/#\/schema\/logo\/image\/"},"sameAs":["https:\/\/www.facebook.com\/Decorativecoatingoverlays\/","https:\/\/www.instagram.com\/daichcoatings\/","https:\/\/www.youtube.com\/user\/DaichProducts"]}]}},"jetpack_sharing_enabled":true,"_links":{"self":[{"href":"https:\/\/daichcoatings.com\/fr\/wp-json\/wp\/v2\/product\/3082","targetHints":{"allow":["GET"]}}],"collection":[{"href":"https:\/\/daichcoatings.com\/fr\/wp-json\/wp\/v2\/product"}],"about":[{"href":"https:\/\/daichcoatings.com\/fr\/wp-json\/wp\/v2\/types\/product"}],"replies":[{"embeddable":true,"href":"https:\/\/daichcoatings.com\/fr\/wp-json\/wp\/v2\/comments?post=3082"}],"version-history":[{"count":0,"href":"https:\/\/daichcoatings.com\/fr\/wp-json\/wp\/v2\/product\/3082\/revisions"}],"wp:featuredmedia":[{"embeddable":true,"href":"https:\/\/daichcoatings.com\/fr\/wp-json\/wp\/v2\/media\/3706"}],"wp:attachment":[{"href":"https:\/\/daichcoatings.com\/fr\/wp-json\/wp\/v2\/media?parent=3082"}],"wp:term":[{"taxonomy":"product_brand","embeddable":true,"href":"https:\/\/daichcoatings.com\/fr\/wp-json\/wp\/v2\/product_brand?post=3082"},{"taxonomy":"product_cat","embeddable":true,"href":"https:\/\/daichcoatings.com\/fr\/wp-json\/wp\/v2\/product_cat?post=3082"},{"taxonomy":"product_tag","embeddable":true,"href":"https:\/\/daichcoatings.com\/fr\/wp-json\/wp\/v2\/product_tag?post=3082"}],"curies":[{"name":"wp","href":"https:\/\/api.w.org\/{rel}","templated":true}]}}