{"id":2956,"date":"2021-03-01T18:22:42","date_gmt":"2021-03-01T23:22:42","guid":{"rendered":"https:\/\/www.daichcoatings.com\/?product=import-placeholder-for-935"},"modified":"2026-02-11T10:30:22","modified_gmt":"2026-02-11T15:30:22","slug":"1-4-grout-line-pattern-tape","status":"publish","type":"product","link":"https:\/\/daichcoatings.com\/fr\/shop\/1-4-grout-line-pattern-tape\/","title":{"rendered":"1\/4&#8243; Grout Line Pattern Tape"},"content":{"rendered":"<div data-elementor-type=\"product-post\" data-elementor-id=\"2956\" class=\"elementor elementor-2956\" data-elementor-post-type=\"product\">\n\t\t\t\t<div class=\"elementor-element elementor-element-7f08d5a8 e-flex e-con-boxed e-con e-parent\" data-id=\"7f08d5a8\" data-element_type=\"container\" data-e-type=\"container\">\n\t\t\t\t\t<div class=\"e-con-inner\">\n\t\t\t\t<div class=\"elementor-element elementor-element-3e84a9a5 elementor-widget elementor-widget-text-editor\" data-id=\"3e84a9a5\" data-element_type=\"widget\" data-e-type=\"widget\" data-widget_type=\"text-editor.default\">\n\t\t\t\t<div class=\"elementor-widget-container\">\n\t\t\t\t\t\t\t\t\t<table style=\"border-collapse: collapse; width: 747px; height: 253px;\" width=\"465\">\n<tbody>\n<tr style=\"height: 15.0pt;\">\n<td style=\"width: 349pt; height: 15.0pt;\" width=\"465\" height=\"20\"><span style=\"color: #003366;\">Le ruban pochoir DAICH Grout Line est le moyen facile de cr\u00e9er des motifs de carreaux attrayants de n'importe quelle taille ou forme lorsqu'il est utilis\u00e9 en combinaison avec des rev\u00eatements d\u00e9coratifs pour b\u00e9ton DAICH ou d'autres syst\u00e8mes de rev\u00eatement appropri\u00e9s. Ce ruban pochoir innovant se pose droit et se remonte proprement sans se casser, ce qui facilite la cr\u00e9ation d'effets cr\u00e9atifs sur le sol et les murs. Vous serez ravi de l'effet tridimensionnel r\u00e9aliste que procure ce ruban et de la facilit\u00e9 avec laquelle il est possible d'obtenir l'aspect \u00e9l\u00e9gant du carrelage rapidement et \u00e9conomiquement avec les rev\u00eatements DAICH.<\/span><\/td>\n<\/tr>\n<\/tbody>\n<\/table>\n<table style=\"border-collapse: collapse; width: 573px; height: 5px;\" width=\"96\">\n<tbody>\n<tr style=\"height: 15.0pt;\">\n<td style=\"width: 72pt; height: 15.0pt;\" width=\"96\" height=\"20\">\n<ul>\n \t<li>Ruban de pochoir r\u00e9sistant \u00e0 l'eau et durable<\/li>\n<\/ul>\n<\/td>\n<\/tr>\n<\/tbody>\n<\/table>\n<table style=\"border-collapse: collapse; width: 681px; height: 5px;\" width=\"96\">\n<tbody>\n<tr style=\"height: 15.0pt;\">\n<td style=\"width: 72pt; height: 15.0pt;\" width=\"96\" height=\"20\">\n<ul>\n \t<li>1\/4 po de largeur pour des effets de lignes de coulis minces et r\u00e9alistes<\/li>\n<\/ul>\n<\/td>\n<\/tr>\n<\/tbody>\n<\/table>\n<table style=\"border-collapse: collapse; width: 707px; height: 24px;\" width=\"96\">\n<tbody>\n<tr style=\"height: 15.0pt;\">\n<td style=\"width: 72pt; height: 15.0pt;\" width=\"96\" height=\"20\">\n<ul>\n \t<li>Filament renforc\u00e9 pour \u00e9viter la casse<\/li>\n<\/ul>\n<\/td>\n<\/tr>\n<\/tbody>\n<\/table>\n<table style=\"border-collapse: collapse; width: 685px; height: 22px;\" width=\"96\">\n<tbody>\n<tr style=\"height: 15.0pt;\">\n<td style=\"width: 72pt; height: 15.0pt;\" width=\"96\" height=\"20\">\n<ul>\n \t<li>Tire droit sur de longues distances<\/li>\n<\/ul>\n<\/td>\n<\/tr>\n<\/tbody>\n<\/table>\t\t\t\t\t\t\t\t<\/div>\n\t\t\t\t<\/div>\n\t\t\t\t\t<\/div>\n\t\t\t\t<\/div>\n\t\t\t\t<\/div>","protected":false},"excerpt":{"rendered":"<p>1\/4&#8243; x 60 Yards<\/p>","protected":false},"featured_media":2995,"comment_status":"closed","ping_status":"closed","template":"","meta":{"_kad_post_transparent":"default","_kad_post_title":"","_kad_post_layout":"default","_kad_post_sidebar_id":"","_kad_post_content_style":"default","_kad_post_vertical_padding":"default","_kad_post_feature":"","_kad_post_feature_position":"","_kad_post_header":false,"_kad_post_footer":false,"_kad_post_classname":""},"product_brand":[],"product_cat":[33],"product_tag":[],"class_list":{"0":"post-2956","1":"product","2":"type-product","3":"status-publish","4":"has-post-thumbnail","6":"product_cat-tools_accessories","7":"product_shipping_class-free-shipping","9":"first","10":"instock","11":"taxable","12":"shipping-taxable","13":"purchasable","14":"product-type-simple","15":"entry","16":"content-bg","17":"loop-entry"},"yoast_head":"<!-- This site is optimized with the Yoast SEO plugin v27.3 - https:\/\/yoast.com\/product\/yoast-seo-wordpress\/ -->\n<title>1\/4&quot; Grout Line Pattern Tape - Daich Coatings<\/title>\n<meta name=\"description\" content=\"1\/4&quot; Grout Line Pattern Tape\" \/>\n<meta name=\"robots\" content=\"index, follow, max-snippet:-1, max-image-preview:large, max-video-preview:-1\" \/>\n<link rel=\"canonical\" href=\"https:\/\/daichcoatings.com\/fr\/shop\/1-4-grout-line-pattern-tape\/\" \/>\n<meta property=\"og:locale\" content=\"fr_CA\" \/>\n<meta property=\"og:type\" content=\"article\" \/>\n<meta property=\"og:title\" content=\"1\/4&quot; Grout Line Pattern Tape - Daich Coatings\" \/>\n<meta property=\"og:description\" content=\"1\/4&quot; Grout Line Pattern Tape\" \/>\n<meta property=\"og:url\" content=\"https:\/\/daichcoatings.com\/fr\/shop\/1-4-grout-line-pattern-tape\/\" \/>\n<meta property=\"og:site_name\" content=\"Daich Coatings\" \/>\n<meta property=\"article:publisher\" content=\"https:\/\/www.facebook.com\/Decorativecoatingoverlays\/\" \/>\n<meta property=\"article:modified_time\" content=\"2026-02-11T15:30:22+00:00\" \/>\n<meta property=\"og:image\" content=\"https:\/\/daichcoatings.com\/wp-content\/uploads\/2021\/03\/glpt.png\" \/>\n\t<meta property=\"og:image:width\" content=\"1276\" \/>\n\t<meta property=\"og:image:height\" content=\"1276\" \/>\n\t<meta property=\"og:image:type\" content=\"image\/png\" \/>\n<meta name=\"twitter:label1\" content=\"Estimation du temps de lecture\" \/>\n\t<meta name=\"twitter:data1\" content=\"1 minute\" \/>\n<script type=\"application\/ld+json\" class=\"yoast-schema-graph\">{\"@context\":\"https:\\\/\\\/schema.org\",\"@graph\":[{\"@type\":\"WebPage\",\"@id\":\"https:\\\/\\\/daichcoatings.com\\\/shop\\\/1-4-grout-line-pattern-tape\\\/\",\"url\":\"https:\\\/\\\/daichcoatings.com\\\/shop\\\/1-4-grout-line-pattern-tape\\\/\",\"name\":\"1\\\/4\\\" Grout Line Pattern Tape - Daich Coatings\",\"isPartOf\":{\"@id\":\"https:\\\/\\\/daichcoatings.com\\\/#website\"},\"primaryImageOfPage\":{\"@id\":\"https:\\\/\\\/daichcoatings.com\\\/shop\\\/1-4-grout-line-pattern-tape\\\/#primaryimage\"},\"image\":{\"@id\":\"https:\\\/\\\/daichcoatings.com\\\/shop\\\/1-4-grout-line-pattern-tape\\\/#primaryimage\"},\"thumbnailUrl\":\"https:\\\/\\\/daichcoatings.com\\\/wp-content\\\/uploads\\\/2021\\\/03\\\/glpt.png\",\"datePublished\":\"2021-03-01T23:22:42+00:00\",\"dateModified\":\"2026-02-11T15:30:22+00:00\",\"description\":\"1\\\/4\\\" Grout Line Pattern Tape\",\"breadcrumb\":{\"@id\":\"https:\\\/\\\/daichcoatings.com\\\/shop\\\/1-4-grout-line-pattern-tape\\\/#breadcrumb\"},\"inLanguage\":\"fr-CA\",\"potentialAction\":[{\"@type\":\"ReadAction\",\"target\":[\"https:\\\/\\\/daichcoatings.com\\\/shop\\\/1-4-grout-line-pattern-tape\\\/\"]}]},{\"@type\":\"ImageObject\",\"inLanguage\":\"fr-CA\",\"@id\":\"https:\\\/\\\/daichcoatings.com\\\/shop\\\/1-4-grout-line-pattern-tape\\\/#primaryimage\",\"url\":\"https:\\\/\\\/daichcoatings.com\\\/wp-content\\\/uploads\\\/2021\\\/03\\\/glpt.png\",\"contentUrl\":\"https:\\\/\\\/daichcoatings.com\\\/wp-content\\\/uploads\\\/2021\\\/03\\\/glpt.png\",\"width\":1276,\"height\":1276},{\"@type\":\"BreadcrumbList\",\"@id\":\"https:\\\/\\\/daichcoatings.com\\\/shop\\\/1-4-grout-line-pattern-tape\\\/#breadcrumb\",\"itemListElement\":[{\"@type\":\"ListItem\",\"position\":1,\"name\":\"Home\",\"item\":\"https:\\\/\\\/daichcoatings.com\\\/\"},{\"@type\":\"ListItem\",\"position\":2,\"name\":\"Shop\",\"item\":\"https:\\\/\\\/daichcoatings.com.dream.website\\\/fr\\\/shop\\\/\"},{\"@type\":\"ListItem\",\"position\":3,\"name\":\"1\\\/4&#8243; Grout Line Pattern Tape\"}]},{\"@type\":\"WebSite\",\"@id\":\"https:\\\/\\\/daichcoatings.com\\\/#website\",\"url\":\"https:\\\/\\\/daichcoatings.com\\\/\",\"name\":\"Daich Coatings\",\"description\":\"Real Stone Coatings!\",\"publisher\":{\"@id\":\"https:\\\/\\\/daichcoatings.com\\\/#organization\"},\"potentialAction\":[{\"@type\":\"SearchAction\",\"target\":{\"@type\":\"EntryPoint\",\"urlTemplate\":\"https:\\\/\\\/daichcoatings.com\\\/?s={search_term_string}\"},\"query-input\":{\"@type\":\"PropertyValueSpecification\",\"valueRequired\":true,\"valueName\":\"search_term_string\"}}],\"inLanguage\":\"fr-CA\"},{\"@type\":\"Organization\",\"@id\":\"https:\\\/\\\/daichcoatings.com\\\/#organization\",\"name\":\"Daich Coatings Inc\",\"url\":\"https:\\\/\\\/daichcoatings.com\\\/\",\"logo\":{\"@type\":\"ImageObject\",\"inLanguage\":\"fr-CA\",\"@id\":\"https:\\\/\\\/daichcoatings.com\\\/#\\\/schema\\\/logo\\\/image\\\/\",\"url\":\"https:\\\/\\\/daichcoatings.com\\\/wp-content\\\/uploads\\\/2025\\\/01\\\/Daich-Logo-2014-72_resize.png\",\"contentUrl\":\"https:\\\/\\\/daichcoatings.com\\\/wp-content\\\/uploads\\\/2025\\\/01\\\/Daich-Logo-2014-72_resize.png\",\"width\":194,\"height\":200,\"caption\":\"Daich Coatings Inc\"},\"image\":{\"@id\":\"https:\\\/\\\/daichcoatings.com\\\/#\\\/schema\\\/logo\\\/image\\\/\"},\"sameAs\":[\"https:\\\/\\\/www.facebook.com\\\/Decorativecoatingoverlays\\\/\",\"https:\\\/\\\/www.instagram.com\\\/daichcoatings\\\/\",\"https:\\\/\\\/www.youtube.com\\\/user\\\/DaichProducts\"]}]}<\/script>\n<!-- \/ Yoast SEO plugin. -->","yoast_head_json":{"title":"1\/4\" Grout Line Pattern Tape - Daich Coatings","description":"1\/4\" Grout Line Pattern Tape","robots":{"index":"index","follow":"follow","max-snippet":"max-snippet:-1","max-image-preview":"max-image-preview:large","max-video-preview":"max-video-preview:-1"},"canonical":"https:\/\/daichcoatings.com\/fr\/shop\/1-4-grout-line-pattern-tape\/","og_locale":"fr_CA","og_type":"article","og_title":"1\/4\" Grout Line Pattern Tape - Daich Coatings","og_description":"1\/4\" Grout Line Pattern Tape","og_url":"https:\/\/daichcoatings.com\/fr\/shop\/1-4-grout-line-pattern-tape\/","og_site_name":"Daich Coatings","article_publisher":"https:\/\/www.facebook.com\/Decorativecoatingoverlays\/","article_modified_time":"2026-02-11T15:30:22+00:00","og_image":[{"width":1276,"height":1276,"url":"https:\/\/daichcoatings.com\/wp-content\/uploads\/2021\/03\/glpt.png","type":"image\/png"}],"twitter_misc":{"Estimation du temps de lecture":"1 minute"},"schema":{"@context":"https:\/\/schema.org","@graph":[{"@type":"WebPage","@id":"https:\/\/daichcoatings.com\/shop\/1-4-grout-line-pattern-tape\/","url":"https:\/\/daichcoatings.com\/shop\/1-4-grout-line-pattern-tape\/","name":"1\/4\" Grout Line Pattern Tape - Daich Coatings","isPartOf":{"@id":"https:\/\/daichcoatings.com\/#website"},"primaryImageOfPage":{"@id":"https:\/\/daichcoatings.com\/shop\/1-4-grout-line-pattern-tape\/#primaryimage"},"image":{"@id":"https:\/\/daichcoatings.com\/shop\/1-4-grout-line-pattern-tape\/#primaryimage"},"thumbnailUrl":"https:\/\/daichcoatings.com\/wp-content\/uploads\/2021\/03\/glpt.png","datePublished":"2021-03-01T23:22:42+00:00","dateModified":"2026-02-11T15:30:22+00:00","description":"1\/4\" Grout Line Pattern Tape","breadcrumb":{"@id":"https:\/\/daichcoatings.com\/shop\/1-4-grout-line-pattern-tape\/#breadcrumb"},"inLanguage":"fr-CA","potentialAction":[{"@type":"ReadAction","target":["https:\/\/daichcoatings.com\/shop\/1-4-grout-line-pattern-tape\/"]}]},{"@type":"ImageObject","inLanguage":"fr-CA","@id":"https:\/\/daichcoatings.com\/shop\/1-4-grout-line-pattern-tape\/#primaryimage","url":"https:\/\/daichcoatings.com\/wp-content\/uploads\/2021\/03\/glpt.png","contentUrl":"https:\/\/daichcoatings.com\/wp-content\/uploads\/2021\/03\/glpt.png","width":1276,"height":1276},{"@type":"BreadcrumbList","@id":"https:\/\/daichcoatings.com\/shop\/1-4-grout-line-pattern-tape\/#breadcrumb","itemListElement":[{"@type":"ListItem","position":1,"name":"Home","item":"https:\/\/daichcoatings.com\/"},{"@type":"ListItem","position":2,"name":"Shop","item":"https:\/\/daichcoatings.com.dream.website\/fr\/shop\/"},{"@type":"ListItem","position":3,"name":"1\/4&#8243; Grout Line Pattern Tape"}]},{"@type":"WebSite","@id":"https:\/\/daichcoatings.com\/#website","url":"https:\/\/daichcoatings.com\/","name":"Daich Coatings","description":"Real Stone Coatings!","publisher":{"@id":"https:\/\/daichcoatings.com\/#organization"},"potentialAction":[{"@type":"SearchAction","target":{"@type":"EntryPoint","urlTemplate":"https:\/\/daichcoatings.com\/?s={search_term_string}"},"query-input":{"@type":"PropertyValueSpecification","valueRequired":true,"valueName":"search_term_string"}}],"inLanguage":"fr-CA"},{"@type":"Organization","@id":"https:\/\/daichcoatings.com\/#organization","name":"Daich Coatings Inc","url":"https:\/\/daichcoatings.com\/","logo":{"@type":"ImageObject","inLanguage":"fr-CA","@id":"https:\/\/daichcoatings.com\/#\/schema\/logo\/image\/","url":"https:\/\/daichcoatings.com\/wp-content\/uploads\/2025\/01\/Daich-Logo-2014-72_resize.png","contentUrl":"https:\/\/daichcoatings.com\/wp-content\/uploads\/2025\/01\/Daich-Logo-2014-72_resize.png","width":194,"height":200,"caption":"Daich Coatings Inc"},"image":{"@id":"https:\/\/daichcoatings.com\/#\/schema\/logo\/image\/"},"sameAs":["https:\/\/www.facebook.com\/Decorativecoatingoverlays\/","https:\/\/www.instagram.com\/daichcoatings\/","https:\/\/www.youtube.com\/user\/DaichProducts"]}]}},"jetpack_sharing_enabled":true,"_links":{"self":[{"href":"https:\/\/daichcoatings.com\/fr\/wp-json\/wp\/v2\/product\/2956","targetHints":{"allow":["GET"]}}],"collection":[{"href":"https:\/\/daichcoatings.com\/fr\/wp-json\/wp\/v2\/product"}],"about":[{"href":"https:\/\/daichcoatings.com\/fr\/wp-json\/wp\/v2\/types\/product"}],"replies":[{"embeddable":true,"href":"https:\/\/daichcoatings.com\/fr\/wp-json\/wp\/v2\/comments?post=2956"}],"version-history":[{"count":1,"href":"https:\/\/daichcoatings.com\/fr\/wp-json\/wp\/v2\/product\/2956\/revisions"}],"predecessor-version":[{"id":101146,"href":"https:\/\/daichcoatings.com\/fr\/wp-json\/wp\/v2\/product\/2956\/revisions\/101146"}],"wp:featuredmedia":[{"embeddable":true,"href":"https:\/\/daichcoatings.com\/fr\/wp-json\/wp\/v2\/media\/2995"}],"wp:attachment":[{"href":"https:\/\/daichcoatings.com\/fr\/wp-json\/wp\/v2\/media?parent=2956"}],"wp:term":[{"taxonomy":"product_brand","embeddable":true,"href":"https:\/\/daichcoatings.com\/fr\/wp-json\/wp\/v2\/product_brand?post=2956"},{"taxonomy":"product_cat","embeddable":true,"href":"https:\/\/daichcoatings.com\/fr\/wp-json\/wp\/v2\/product_cat?post=2956"},{"taxonomy":"product_tag","embeddable":true,"href":"https:\/\/daichcoatings.com\/fr\/wp-json\/wp\/v2\/product_tag?post=2956"}],"curies":[{"name":"wp","href":"https:\/\/api.w.org\/{rel}","templated":true}]}}