{"id":2942,"date":"2021-03-01T18:22:39","date_gmt":"2021-03-01T23:22:39","guid":{"rendered":"https:\/\/www.daichcoatings.com\/?product=import-placeholder-for-385"},"modified":"2026-03-11T10:45:48","modified_gmt":"2026-03-11T14:45:48","slug":"elastolock","status":"publish","type":"product","link":"https:\/\/daichcoatings.com\/fr\/shop\/elastolock\/","title":{"rendered":"ElastoLock"},"content":{"rendered":"<p><span style=\"color: #000000;\">Effectively fight the damaging effects of unwanted moisture with ElastoLock. <\/span><span style=\"font-family: var(--global-body-font-family);\">ElastoLock\u00ae is a highly versatile and functional roll-on damp-proof rubber membrane that imparts exceptional waterproofing, flexibility and weathering advantages to many existing surfaces. <\/span><span style=\"font-family: var(--global-body-font-family);\">ElastoLock\u00ae est un rev\u00eatement monocomposant facile \u00e0 utiliser qui se verrouille fermement sur le b\u00e9ton et les blocs de b\u00e9ton, ainsi que sur les panneaux d'appui pour carreaux, les cloisons s\u00e8ches, les terrasses en fibre de verre, le m\u00e9tal appr\u00eat\u00e9 et le plastique.<\/span><\/p>","protected":false},"excerpt":{"rendered":"<p><span style=\"color: #000000;\">Effectively fight the damaging effects of unwanted moisture with ElastoLock.<\/span><\/p>","protected":false},"featured_media":101811,"comment_status":"open","ping_status":"closed","template":"","meta":{"_kad_post_transparent":"default","_kad_post_title":"","_kad_post_layout":"default","_kad_post_sidebar_id":"","_kad_post_content_style":"default","_kad_post_vertical_padding":"default","_kad_post_feature":"","_kad_post_feature_position":"","_kad_post_header":false,"_kad_post_footer":false,"_kad_post_classname":""},"product_brand":[],"product_cat":[56,60,28],"product_tag":[188,203,197,38,198,217,192,191,200],"class_list":{"0":"post-2942","1":"product","2":"type-product","3":"status-publish","4":"has-post-thumbnail","6":"product_cat-commercial","7":"product_cat-elastolock","8":"product_cat-floor-coatings","9":"product_tag-balconies","10":"product_tag-basement-floor","11":"product_tag-concrete","12":"product_tag-daich","13":"product_tag-decks","14":"product_tag-floor-coatings","15":"product_tag-garage-floors","16":"product_tag-patios","17":"product_tag-steps-and-stairs","18":"product_shipping_class-free-shipping","20":"first","21":"instock","22":"taxable","23":"shipping-taxable","24":"purchasable","25":"product-type-variable","26":"entry","27":"content-bg","28":"loop-entry"},"yoast_head":"<!-- This site is optimized with the Yoast SEO plugin v27.3 - https:\/\/yoast.com\/product\/yoast-seo-wordpress\/ -->\n<title>Elastolock damp-proof rubber membrane - Daich Coatings<\/title>\n<meta name=\"description\" content=\"ElastoLock\u00ae is a highly versatile and functional roll-on damp-proof rubber membrane for exceptional waterproofing, flexibility and weathering\" \/>\n<meta name=\"robots\" content=\"index, follow, max-snippet:-1, max-image-preview:large, max-video-preview:-1\" \/>\n<link rel=\"canonical\" href=\"https:\/\/daichcoatings.com\/fr\/shop\/elastolock\/\" \/>\n<meta property=\"og:locale\" content=\"fr_CA\" \/>\n<meta property=\"og:type\" content=\"article\" \/>\n<meta property=\"og:title\" content=\"Elastolock damp-proof rubber membrane - Daich Coatings\" \/>\n<meta property=\"og:description\" content=\"ElastoLock\u00ae is a highly versatile and functional roll-on damp-proof rubber membrane for exceptional waterproofing, flexibility and weathering\" \/>\n<meta property=\"og:url\" content=\"https:\/\/daichcoatings.com\/fr\/shop\/elastolock\/\" \/>\n<meta property=\"og:site_name\" content=\"Daich Coatings\" \/>\n<meta property=\"article:publisher\" content=\"https:\/\/www.facebook.com\/Decorativecoatingoverlays\/\" \/>\n<meta property=\"article:modified_time\" content=\"2026-03-11T14:45:48+00:00\" \/>\n<meta property=\"og:image\" content=\"https:\/\/daichcoatings.com\/wp-content\/uploads\/2021\/03\/ElastoLock-Can-USA_1G-Retail.webp\" \/>\n\t<meta property=\"og:image:width\" content=\"1001\" \/>\n\t<meta property=\"og:image:height\" content=\"942\" \/>\n\t<meta property=\"og:image:type\" content=\"image\/webp\" \/>\n<meta name=\"twitter:label1\" content=\"Estimation du temps de lecture\" \/>\n\t<meta name=\"twitter:data1\" content=\"1 minute\" \/>\n<script type=\"application\/ld+json\" class=\"yoast-schema-graph\">{\"@context\":\"https:\\\/\\\/schema.org\",\"@graph\":[{\"@type\":\"WebPage\",\"@id\":\"https:\\\/\\\/daichcoatings.com\\\/shop\\\/elastolock\\\/\",\"url\":\"https:\\\/\\\/daichcoatings.com\\\/shop\\\/elastolock\\\/\",\"name\":\"Elastolock damp-proof rubber membrane - Daich Coatings\",\"isPartOf\":{\"@id\":\"https:\\\/\\\/daichcoatings.com\\\/#website\"},\"primaryImageOfPage\":{\"@id\":\"https:\\\/\\\/daichcoatings.com\\\/shop\\\/elastolock\\\/#primaryimage\"},\"image\":{\"@id\":\"https:\\\/\\\/daichcoatings.com\\\/shop\\\/elastolock\\\/#primaryimage\"},\"thumbnailUrl\":\"https:\\\/\\\/daichcoatings.com\\\/wp-content\\\/uploads\\\/2021\\\/03\\\/ElastoLock-Can-USA_1G-Retail.webp\",\"datePublished\":\"2021-03-01T23:22:39+00:00\",\"dateModified\":\"2026-03-11T14:45:48+00:00\",\"description\":\"ElastoLock\u00ae is a highly versatile and functional roll-on damp-proof rubber membrane for exceptional waterproofing, flexibility and weathering\",\"breadcrumb\":{\"@id\":\"https:\\\/\\\/daichcoatings.com\\\/shop\\\/elastolock\\\/#breadcrumb\"},\"inLanguage\":\"fr-CA\",\"potentialAction\":[{\"@type\":\"ReadAction\",\"target\":[\"https:\\\/\\\/daichcoatings.com\\\/shop\\\/elastolock\\\/\"]}]},{\"@type\":\"ImageObject\",\"inLanguage\":\"fr-CA\",\"@id\":\"https:\\\/\\\/daichcoatings.com\\\/shop\\\/elastolock\\\/#primaryimage\",\"url\":\"https:\\\/\\\/daichcoatings.com\\\/wp-content\\\/uploads\\\/2021\\\/03\\\/ElastoLock-Can-USA_1G-Retail.webp\",\"contentUrl\":\"https:\\\/\\\/daichcoatings.com\\\/wp-content\\\/uploads\\\/2021\\\/03\\\/ElastoLock-Can-USA_1G-Retail.webp\",\"width\":1001,\"height\":942},{\"@type\":\"BreadcrumbList\",\"@id\":\"https:\\\/\\\/daichcoatings.com\\\/shop\\\/elastolock\\\/#breadcrumb\",\"itemListElement\":[{\"@type\":\"ListItem\",\"position\":1,\"name\":\"Home\",\"item\":\"https:\\\/\\\/daichcoatings.com\\\/\"},{\"@type\":\"ListItem\",\"position\":2,\"name\":\"Shop\",\"item\":\"https:\\\/\\\/daichcoatings.com.dream.website\\\/fr\\\/shop\\\/\"},{\"@type\":\"ListItem\",\"position\":3,\"name\":\"ElastoLock\"}]},{\"@type\":\"WebSite\",\"@id\":\"https:\\\/\\\/daichcoatings.com\\\/#website\",\"url\":\"https:\\\/\\\/daichcoatings.com\\\/\",\"name\":\"Daich Coatings\",\"description\":\"Real Stone Coatings!\",\"publisher\":{\"@id\":\"https:\\\/\\\/daichcoatings.com\\\/#organization\"},\"potentialAction\":[{\"@type\":\"SearchAction\",\"target\":{\"@type\":\"EntryPoint\",\"urlTemplate\":\"https:\\\/\\\/daichcoatings.com\\\/?s={search_term_string}\"},\"query-input\":{\"@type\":\"PropertyValueSpecification\",\"valueRequired\":true,\"valueName\":\"search_term_string\"}}],\"inLanguage\":\"fr-CA\"},{\"@type\":\"Organization\",\"@id\":\"https:\\\/\\\/daichcoatings.com\\\/#organization\",\"name\":\"Daich Coatings Inc\",\"url\":\"https:\\\/\\\/daichcoatings.com\\\/\",\"logo\":{\"@type\":\"ImageObject\",\"inLanguage\":\"fr-CA\",\"@id\":\"https:\\\/\\\/daichcoatings.com\\\/#\\\/schema\\\/logo\\\/image\\\/\",\"url\":\"https:\\\/\\\/daichcoatings.com\\\/wp-content\\\/uploads\\\/2025\\\/01\\\/Daich-Logo-2014-72_resize.png\",\"contentUrl\":\"https:\\\/\\\/daichcoatings.com\\\/wp-content\\\/uploads\\\/2025\\\/01\\\/Daich-Logo-2014-72_resize.png\",\"width\":194,\"height\":200,\"caption\":\"Daich Coatings Inc\"},\"image\":{\"@id\":\"https:\\\/\\\/daichcoatings.com\\\/#\\\/schema\\\/logo\\\/image\\\/\"},\"sameAs\":[\"https:\\\/\\\/www.facebook.com\\\/Decorativecoatingoverlays\\\/\",\"https:\\\/\\\/www.instagram.com\\\/daichcoatings\\\/\",\"https:\\\/\\\/www.youtube.com\\\/user\\\/DaichProducts\"]}]}<\/script>\n<!-- \/ Yoast SEO plugin. -->","yoast_head_json":{"title":"Elastolock damp-proof rubber membrane - Daich Coatings","description":"ElastoLock\u00ae is a highly versatile and functional roll-on damp-proof rubber membrane for exceptional waterproofing, flexibility and weathering","robots":{"index":"index","follow":"follow","max-snippet":"max-snippet:-1","max-image-preview":"max-image-preview:large","max-video-preview":"max-video-preview:-1"},"canonical":"https:\/\/daichcoatings.com\/fr\/shop\/elastolock\/","og_locale":"fr_CA","og_type":"article","og_title":"Elastolock damp-proof rubber membrane - Daich Coatings","og_description":"ElastoLock\u00ae is a highly versatile and functional roll-on damp-proof rubber membrane for exceptional waterproofing, flexibility and weathering","og_url":"https:\/\/daichcoatings.com\/fr\/shop\/elastolock\/","og_site_name":"Daich Coatings","article_publisher":"https:\/\/www.facebook.com\/Decorativecoatingoverlays\/","article_modified_time":"2026-03-11T14:45:48+00:00","og_image":[{"width":1001,"height":942,"url":"https:\/\/daichcoatings.com\/wp-content\/uploads\/2021\/03\/ElastoLock-Can-USA_1G-Retail.webp","type":"image\/webp"}],"twitter_misc":{"Estimation du temps de lecture":"1 minute"},"schema":{"@context":"https:\/\/schema.org","@graph":[{"@type":"WebPage","@id":"https:\/\/daichcoatings.com\/shop\/elastolock\/","url":"https:\/\/daichcoatings.com\/shop\/elastolock\/","name":"Elastolock damp-proof rubber membrane - Daich Coatings","isPartOf":{"@id":"https:\/\/daichcoatings.com\/#website"},"primaryImageOfPage":{"@id":"https:\/\/daichcoatings.com\/shop\/elastolock\/#primaryimage"},"image":{"@id":"https:\/\/daichcoatings.com\/shop\/elastolock\/#primaryimage"},"thumbnailUrl":"https:\/\/daichcoatings.com\/wp-content\/uploads\/2021\/03\/ElastoLock-Can-USA_1G-Retail.webp","datePublished":"2021-03-01T23:22:39+00:00","dateModified":"2026-03-11T14:45:48+00:00","description":"ElastoLock\u00ae is a highly versatile and functional roll-on damp-proof rubber membrane for exceptional waterproofing, flexibility and weathering","breadcrumb":{"@id":"https:\/\/daichcoatings.com\/shop\/elastolock\/#breadcrumb"},"inLanguage":"fr-CA","potentialAction":[{"@type":"ReadAction","target":["https:\/\/daichcoatings.com\/shop\/elastolock\/"]}]},{"@type":"ImageObject","inLanguage":"fr-CA","@id":"https:\/\/daichcoatings.com\/shop\/elastolock\/#primaryimage","url":"https:\/\/daichcoatings.com\/wp-content\/uploads\/2021\/03\/ElastoLock-Can-USA_1G-Retail.webp","contentUrl":"https:\/\/daichcoatings.com\/wp-content\/uploads\/2021\/03\/ElastoLock-Can-USA_1G-Retail.webp","width":1001,"height":942},{"@type":"BreadcrumbList","@id":"https:\/\/daichcoatings.com\/shop\/elastolock\/#breadcrumb","itemListElement":[{"@type":"ListItem","position":1,"name":"Home","item":"https:\/\/daichcoatings.com\/"},{"@type":"ListItem","position":2,"name":"Shop","item":"https:\/\/daichcoatings.com.dream.website\/fr\/shop\/"},{"@type":"ListItem","position":3,"name":"ElastoLock"}]},{"@type":"WebSite","@id":"https:\/\/daichcoatings.com\/#website","url":"https:\/\/daichcoatings.com\/","name":"Daich Coatings","description":"Real Stone Coatings!","publisher":{"@id":"https:\/\/daichcoatings.com\/#organization"},"potentialAction":[{"@type":"SearchAction","target":{"@type":"EntryPoint","urlTemplate":"https:\/\/daichcoatings.com\/?s={search_term_string}"},"query-input":{"@type":"PropertyValueSpecification","valueRequired":true,"valueName":"search_term_string"}}],"inLanguage":"fr-CA"},{"@type":"Organization","@id":"https:\/\/daichcoatings.com\/#organization","name":"Daich Coatings Inc","url":"https:\/\/daichcoatings.com\/","logo":{"@type":"ImageObject","inLanguage":"fr-CA","@id":"https:\/\/daichcoatings.com\/#\/schema\/logo\/image\/","url":"https:\/\/daichcoatings.com\/wp-content\/uploads\/2025\/01\/Daich-Logo-2014-72_resize.png","contentUrl":"https:\/\/daichcoatings.com\/wp-content\/uploads\/2025\/01\/Daich-Logo-2014-72_resize.png","width":194,"height":200,"caption":"Daich Coatings Inc"},"image":{"@id":"https:\/\/daichcoatings.com\/#\/schema\/logo\/image\/"},"sameAs":["https:\/\/www.facebook.com\/Decorativecoatingoverlays\/","https:\/\/www.instagram.com\/daichcoatings\/","https:\/\/www.youtube.com\/user\/DaichProducts"]}]}},"jetpack_sharing_enabled":true,"_links":{"self":[{"href":"https:\/\/daichcoatings.com\/fr\/wp-json\/wp\/v2\/product\/2942","targetHints":{"allow":["GET"]}}],"collection":[{"href":"https:\/\/daichcoatings.com\/fr\/wp-json\/wp\/v2\/product"}],"about":[{"href":"https:\/\/daichcoatings.com\/fr\/wp-json\/wp\/v2\/types\/product"}],"replies":[{"embeddable":true,"href":"https:\/\/daichcoatings.com\/fr\/wp-json\/wp\/v2\/comments?post=2942"}],"version-history":[{"count":2,"href":"https:\/\/daichcoatings.com\/fr\/wp-json\/wp\/v2\/product\/2942\/revisions"}],"predecessor-version":[{"id":101812,"href":"https:\/\/daichcoatings.com\/fr\/wp-json\/wp\/v2\/product\/2942\/revisions\/101812"}],"wp:featuredmedia":[{"embeddable":true,"href":"https:\/\/daichcoatings.com\/fr\/wp-json\/wp\/v2\/media\/101811"}],"wp:attachment":[{"href":"https:\/\/daichcoatings.com\/fr\/wp-json\/wp\/v2\/media?parent=2942"}],"wp:term":[{"taxonomy":"product_brand","embeddable":true,"href":"https:\/\/daichcoatings.com\/fr\/wp-json\/wp\/v2\/product_brand?post=2942"},{"taxonomy":"product_cat","embeddable":true,"href":"https:\/\/daichcoatings.com\/fr\/wp-json\/wp\/v2\/product_cat?post=2942"},{"taxonomy":"product_tag","embeddable":true,"href":"https:\/\/daichcoatings.com\/fr\/wp-json\/wp\/v2\/product_tag?post=2942"}],"curies":[{"name":"wp","href":"https:\/\/api.w.org\/{rel}","templated":true}]}}