{"id":2941,"date":"2021-03-01T18:22:39","date_gmt":"2021-03-01T23:22:39","guid":{"rendered":"https:\/\/www.daichcoatings.com\/?product=import-placeholder-for-383"},"modified":"2026-02-11T10:30:32","modified_gmt":"2026-02-11T15:30:32","slug":"daich-textured-primer","status":"publish","type":"product","link":"https:\/\/daichcoatings.com\/fr\/shop\/daich-textured-primer\/","title":{"rendered":"Appr\u00eat textur\u00e9"},"content":{"rendered":"<div class=\"elementor-column elementor-col-50 elementor-inner-column elementor-element elementor-element-0a6786c\" data-id=\"0a6786c\" data-element_type=\"column\">\n<div class=\"elementor-column-wrap elementor-element-populated\">\n<div class=\"elementor-widget-wrap\">\n<div class=\"elementor-element elementor-element-a3d6fea elementor-widget elementor-widget-text-editor\" data-id=\"a3d6fea\" data-element_type=\"widget\" data-widget_type=\"text-editor.default\">\n<div class=\"elementor-widget-container\">\n<div class=\"elementor-text-editor elementor-clearfix\">\n<p>L\u2019appr\u00eat textur\u00e9 Daich p\u00e9n\u00e8tre et adh\u00e8re fermement au b\u00e9ton et aux autres surfaces pour cr\u00e9er une base d\u2019adh\u00e9rence id\u00e9ale pour tous les rev\u00eatements d\u00e9coratifs de\npierre Daich \u00e0 appliquer au rouleau.<\/p>\n<\/div>\n<\/div>\n<\/div>\n<\/div>\n<\/div>\n<\/div>\n<div class=\"elementor-column elementor-col-50 elementor-inner-column elementor-element elementor-element-aa8340a\" data-id=\"aa8340a\" data-element_type=\"column\">\n<div class=\"elementor-column-wrap elementor-element-populated\">\n<div class=\"elementor-widget-wrap\">\n<div class=\"elementor-element elementor-element-64d0ab3 elementor-widget elementor-widget-text-editor\" data-id=\"64d0ab3\" data-element_type=\"widget\" data-widget_type=\"text-editor.default\">\n<div class=\"elementor-widget-container\">\n<div class=\"elementor-text-editor elementor-clearfix\">\n<p>It\u2019s also an excellent slip-resistant finish that transforms all kinds of slippery floors into colourful, high-traction surfaces. It can be used indoors and out \u2014 and can be tinted to many appealing colours.<\/p>\n<\/div>\n<\/div>\n<\/div>\n<\/div>\n<\/div>\n<\/div>","protected":false},"excerpt":{"rendered":"<p>Daich Textured Primer penetrates and locks firmly onto concrete and more to create an ideal bonding base for any of the Daich Spreadable Stone decorative coatings. It\u2019s also an excellent slip-resistant finish that transforms all kinds of slippery floors into colourful, high-traction surfaces. It can be used indoors and out \u2014 and can be tinted&#8230;<\/p>","protected":false},"featured_media":79894,"comment_status":"open","ping_status":"closed","template":"","meta":{"_kad_post_transparent":"default","_kad_post_title":"","_kad_post_layout":"default","_kad_post_sidebar_id":"","_kad_post_content_style":"default","_kad_post_vertical_padding":"default","_kad_post_feature":"","_kad_post_feature_position":"","_kad_post_header":false,"_kad_post_footer":false,"_kad_post_classname":""},"product_brand":[],"product_cat":[59,28],"product_tag":[197,198,196,191,190,199],"class_list":{"0":"post-2941","1":"product","2":"type-product","3":"status-publish","4":"has-post-thumbnail","6":"product_cat-anti-slip","7":"product_cat-floor-coatings","8":"product_tag-concrete","9":"product_tag-decks","10":"product_tag-floors","11":"product_tag-patios","12":"product_tag-pool-decks","13":"product_tag-wood","14":"product_shipping_class-free-shipping","16":"first","17":"instock","18":"taxable","19":"shipping-taxable","20":"purchasable","21":"product-type-variable","22":"has-default-attributes","23":"entry","24":"content-bg","25":"loop-entry"},"yoast_head":"<!-- This site is optimized with the Yoast SEO plugin v27.3 - https:\/\/yoast.com\/product\/yoast-seo-wordpress\/ -->\n<title>Daich Textured Primer - Daich Coatings<\/title>\n<meta name=\"description\" content=\"Daich Textured Primer penetrates and locks firmly onto concrete to create an ideal bonding base for Daich Spreadable Stone coatings.\" \/>\n<meta name=\"robots\" content=\"index, follow, max-snippet:-1, max-image-preview:large, max-video-preview:-1\" \/>\n<link rel=\"canonical\" href=\"https:\/\/daichcoatings.com\/fr\/shop\/daich-textured-primer\/\" \/>\n<meta property=\"og:locale\" content=\"fr_CA\" \/>\n<meta property=\"og:type\" content=\"article\" \/>\n<meta property=\"og:title\" content=\"Daich Textured Primer - Daich Coatings\" \/>\n<meta property=\"og:description\" content=\"Daich Textured Primer penetrates and locks firmly onto concrete to create an ideal bonding base for Daich Spreadable Stone coatings.\" \/>\n<meta property=\"og:url\" content=\"https:\/\/daichcoatings.com\/fr\/shop\/daich-textured-primer\/\" \/>\n<meta property=\"og:site_name\" content=\"Daich Coatings\" \/>\n<meta property=\"article:publisher\" content=\"https:\/\/www.facebook.com\/Decorativecoatingoverlays\/\" \/>\n<meta property=\"article:modified_time\" content=\"2026-02-11T15:30:32+00:00\" \/>\n<meta property=\"og:image\" content=\"https:\/\/daichcoatings.com\/wp-content\/uploads\/2021\/03\/DAICH-Textured-Primer-Can-USA-e1753897928408.jpg\" \/>\n\t<meta property=\"og:image:width\" content=\"800\" \/>\n\t<meta property=\"og:image:height\" content=\"753\" \/>\n\t<meta property=\"og:image:type\" content=\"image\/jpeg\" \/>\n<meta name=\"twitter:label1\" content=\"Estimation du temps de lecture\" \/>\n\t<meta name=\"twitter:data1\" content=\"1 minute\" \/>\n<script type=\"application\/ld+json\" class=\"yoast-schema-graph\">{\"@context\":\"https:\\\/\\\/schema.org\",\"@graph\":[{\"@type\":\"WebPage\",\"@id\":\"https:\\\/\\\/daichcoatings.com\\\/shop\\\/daich-textured-primer\\\/\",\"url\":\"https:\\\/\\\/daichcoatings.com\\\/shop\\\/daich-textured-primer\\\/\",\"name\":\"Daich Textured Primer - Daich Coatings\",\"isPartOf\":{\"@id\":\"https:\\\/\\\/daichcoatings.com\\\/#website\"},\"primaryImageOfPage\":{\"@id\":\"https:\\\/\\\/daichcoatings.com\\\/shop\\\/daich-textured-primer\\\/#primaryimage\"},\"image\":{\"@id\":\"https:\\\/\\\/daichcoatings.com\\\/shop\\\/daich-textured-primer\\\/#primaryimage\"},\"thumbnailUrl\":\"https:\\\/\\\/daichcoatings.com\\\/wp-content\\\/uploads\\\/2021\\\/03\\\/DAICH-Textured-Primer-Can-USA-e1753897928408.jpg\",\"datePublished\":\"2021-03-01T23:22:39+00:00\",\"dateModified\":\"2026-02-11T15:30:32+00:00\",\"description\":\"Daich Textured Primer penetrates and locks firmly onto concrete to create an ideal bonding base for Daich Spreadable Stone coatings.\",\"breadcrumb\":{\"@id\":\"https:\\\/\\\/daichcoatings.com\\\/shop\\\/daich-textured-primer\\\/#breadcrumb\"},\"inLanguage\":\"fr-CA\",\"potentialAction\":[{\"@type\":\"ReadAction\",\"target\":[\"https:\\\/\\\/daichcoatings.com\\\/shop\\\/daich-textured-primer\\\/\"]}]},{\"@type\":\"ImageObject\",\"inLanguage\":\"fr-CA\",\"@id\":\"https:\\\/\\\/daichcoatings.com\\\/shop\\\/daich-textured-primer\\\/#primaryimage\",\"url\":\"https:\\\/\\\/daichcoatings.com\\\/wp-content\\\/uploads\\\/2021\\\/03\\\/DAICH-Textured-Primer-Can-USA-e1753897928408.jpg\",\"contentUrl\":\"https:\\\/\\\/daichcoatings.com\\\/wp-content\\\/uploads\\\/2021\\\/03\\\/DAICH-Textured-Primer-Can-USA-e1753897928408.jpg\",\"width\":800,\"height\":753,\"caption\":\"DAICH Textured Primer Can - USA\"},{\"@type\":\"BreadcrumbList\",\"@id\":\"https:\\\/\\\/daichcoatings.com\\\/shop\\\/daich-textured-primer\\\/#breadcrumb\",\"itemListElement\":[{\"@type\":\"ListItem\",\"position\":1,\"name\":\"Home\",\"item\":\"https:\\\/\\\/daichcoatings.com\\\/\"},{\"@type\":\"ListItem\",\"position\":2,\"name\":\"Shop\",\"item\":\"https:\\\/\\\/daichcoatings.com.dream.website\\\/fr\\\/shop\\\/\"},{\"@type\":\"ListItem\",\"position\":3,\"name\":\"Textured Primer\"}]},{\"@type\":\"WebSite\",\"@id\":\"https:\\\/\\\/daichcoatings.com\\\/#website\",\"url\":\"https:\\\/\\\/daichcoatings.com\\\/\",\"name\":\"Daich Coatings\",\"description\":\"Real Stone Coatings!\",\"publisher\":{\"@id\":\"https:\\\/\\\/daichcoatings.com\\\/#organization\"},\"potentialAction\":[{\"@type\":\"SearchAction\",\"target\":{\"@type\":\"EntryPoint\",\"urlTemplate\":\"https:\\\/\\\/daichcoatings.com\\\/?s={search_term_string}\"},\"query-input\":{\"@type\":\"PropertyValueSpecification\",\"valueRequired\":true,\"valueName\":\"search_term_string\"}}],\"inLanguage\":\"fr-CA\"},{\"@type\":\"Organization\",\"@id\":\"https:\\\/\\\/daichcoatings.com\\\/#organization\",\"name\":\"Daich Coatings Inc\",\"url\":\"https:\\\/\\\/daichcoatings.com\\\/\",\"logo\":{\"@type\":\"ImageObject\",\"inLanguage\":\"fr-CA\",\"@id\":\"https:\\\/\\\/daichcoatings.com\\\/#\\\/schema\\\/logo\\\/image\\\/\",\"url\":\"https:\\\/\\\/daichcoatings.com\\\/wp-content\\\/uploads\\\/2025\\\/01\\\/Daich-Logo-2014-72_resize.png\",\"contentUrl\":\"https:\\\/\\\/daichcoatings.com\\\/wp-content\\\/uploads\\\/2025\\\/01\\\/Daich-Logo-2014-72_resize.png\",\"width\":194,\"height\":200,\"caption\":\"Daich Coatings Inc\"},\"image\":{\"@id\":\"https:\\\/\\\/daichcoatings.com\\\/#\\\/schema\\\/logo\\\/image\\\/\"},\"sameAs\":[\"https:\\\/\\\/www.facebook.com\\\/Decorativecoatingoverlays\\\/\",\"https:\\\/\\\/www.instagram.com\\\/daichcoatings\\\/\",\"https:\\\/\\\/www.youtube.com\\\/user\\\/DaichProducts\"]}]}<\/script>\n<!-- \/ Yoast SEO plugin. -->","yoast_head_json":{"title":"Daich Textured Primer - Daich Coatings","description":"Daich Textured Primer penetrates and locks firmly onto concrete to create an ideal bonding base for Daich Spreadable Stone coatings.","robots":{"index":"index","follow":"follow","max-snippet":"max-snippet:-1","max-image-preview":"max-image-preview:large","max-video-preview":"max-video-preview:-1"},"canonical":"https:\/\/daichcoatings.com\/fr\/shop\/daich-textured-primer\/","og_locale":"fr_CA","og_type":"article","og_title":"Daich Textured Primer - Daich Coatings","og_description":"Daich Textured Primer penetrates and locks firmly onto concrete to create an ideal bonding base for Daich Spreadable Stone coatings.","og_url":"https:\/\/daichcoatings.com\/fr\/shop\/daich-textured-primer\/","og_site_name":"Daich Coatings","article_publisher":"https:\/\/www.facebook.com\/Decorativecoatingoverlays\/","article_modified_time":"2026-02-11T15:30:32+00:00","og_image":[{"width":800,"height":753,"url":"https:\/\/daichcoatings.com\/wp-content\/uploads\/2021\/03\/DAICH-Textured-Primer-Can-USA-e1753897928408.jpg","type":"image\/jpeg"}],"twitter_misc":{"Estimation du temps de lecture":"1 minute"},"schema":{"@context":"https:\/\/schema.org","@graph":[{"@type":"WebPage","@id":"https:\/\/daichcoatings.com\/shop\/daich-textured-primer\/","url":"https:\/\/daichcoatings.com\/shop\/daich-textured-primer\/","name":"Daich Textured Primer - Daich Coatings","isPartOf":{"@id":"https:\/\/daichcoatings.com\/#website"},"primaryImageOfPage":{"@id":"https:\/\/daichcoatings.com\/shop\/daich-textured-primer\/#primaryimage"},"image":{"@id":"https:\/\/daichcoatings.com\/shop\/daich-textured-primer\/#primaryimage"},"thumbnailUrl":"https:\/\/daichcoatings.com\/wp-content\/uploads\/2021\/03\/DAICH-Textured-Primer-Can-USA-e1753897928408.jpg","datePublished":"2021-03-01T23:22:39+00:00","dateModified":"2026-02-11T15:30:32+00:00","description":"Daich Textured Primer penetrates and locks firmly onto concrete to create an ideal bonding base for Daich Spreadable Stone coatings.","breadcrumb":{"@id":"https:\/\/daichcoatings.com\/shop\/daich-textured-primer\/#breadcrumb"},"inLanguage":"fr-CA","potentialAction":[{"@type":"ReadAction","target":["https:\/\/daichcoatings.com\/shop\/daich-textured-primer\/"]}]},{"@type":"ImageObject","inLanguage":"fr-CA","@id":"https:\/\/daichcoatings.com\/shop\/daich-textured-primer\/#primaryimage","url":"https:\/\/daichcoatings.com\/wp-content\/uploads\/2021\/03\/DAICH-Textured-Primer-Can-USA-e1753897928408.jpg","contentUrl":"https:\/\/daichcoatings.com\/wp-content\/uploads\/2021\/03\/DAICH-Textured-Primer-Can-USA-e1753897928408.jpg","width":800,"height":753,"caption":"DAICH Textured Primer Can - USA"},{"@type":"BreadcrumbList","@id":"https:\/\/daichcoatings.com\/shop\/daich-textured-primer\/#breadcrumb","itemListElement":[{"@type":"ListItem","position":1,"name":"Home","item":"https:\/\/daichcoatings.com\/"},{"@type":"ListItem","position":2,"name":"Shop","item":"https:\/\/daichcoatings.com.dream.website\/fr\/shop\/"},{"@type":"ListItem","position":3,"name":"Textured Primer"}]},{"@type":"WebSite","@id":"https:\/\/daichcoatings.com\/#website","url":"https:\/\/daichcoatings.com\/","name":"Daich Coatings","description":"Real Stone Coatings!","publisher":{"@id":"https:\/\/daichcoatings.com\/#organization"},"potentialAction":[{"@type":"SearchAction","target":{"@type":"EntryPoint","urlTemplate":"https:\/\/daichcoatings.com\/?s={search_term_string}"},"query-input":{"@type":"PropertyValueSpecification","valueRequired":true,"valueName":"search_term_string"}}],"inLanguage":"fr-CA"},{"@type":"Organization","@id":"https:\/\/daichcoatings.com\/#organization","name":"Daich Coatings Inc","url":"https:\/\/daichcoatings.com\/","logo":{"@type":"ImageObject","inLanguage":"fr-CA","@id":"https:\/\/daichcoatings.com\/#\/schema\/logo\/image\/","url":"https:\/\/daichcoatings.com\/wp-content\/uploads\/2025\/01\/Daich-Logo-2014-72_resize.png","contentUrl":"https:\/\/daichcoatings.com\/wp-content\/uploads\/2025\/01\/Daich-Logo-2014-72_resize.png","width":194,"height":200,"caption":"Daich Coatings Inc"},"image":{"@id":"https:\/\/daichcoatings.com\/#\/schema\/logo\/image\/"},"sameAs":["https:\/\/www.facebook.com\/Decorativecoatingoverlays\/","https:\/\/www.instagram.com\/daichcoatings\/","https:\/\/www.youtube.com\/user\/DaichProducts"]}]}},"jetpack_sharing_enabled":true,"_links":{"self":[{"href":"https:\/\/daichcoatings.com\/fr\/wp-json\/wp\/v2\/product\/2941","targetHints":{"allow":["GET"]}}],"collection":[{"href":"https:\/\/daichcoatings.com\/fr\/wp-json\/wp\/v2\/product"}],"about":[{"href":"https:\/\/daichcoatings.com\/fr\/wp-json\/wp\/v2\/types\/product"}],"replies":[{"embeddable":true,"href":"https:\/\/daichcoatings.com\/fr\/wp-json\/wp\/v2\/comments?post=2941"}],"version-history":[{"count":1,"href":"https:\/\/daichcoatings.com\/fr\/wp-json\/wp\/v2\/product\/2941\/revisions"}],"predecessor-version":[{"id":101152,"href":"https:\/\/daichcoatings.com\/fr\/wp-json\/wp\/v2\/product\/2941\/revisions\/101152"}],"wp:featuredmedia":[{"embeddable":true,"href":"https:\/\/daichcoatings.com\/fr\/wp-json\/wp\/v2\/media\/79894"}],"wp:attachment":[{"href":"https:\/\/daichcoatings.com\/fr\/wp-json\/wp\/v2\/media?parent=2941"}],"wp:term":[{"taxonomy":"product_brand","embeddable":true,"href":"https:\/\/daichcoatings.com\/fr\/wp-json\/wp\/v2\/product_brand?post=2941"},{"taxonomy":"product_cat","embeddable":true,"href":"https:\/\/daichcoatings.com\/fr\/wp-json\/wp\/v2\/product_cat?post=2941"},{"taxonomy":"product_tag","embeddable":true,"href":"https:\/\/daichcoatings.com\/fr\/wp-json\/wp\/v2\/product_tag?post=2941"}],"curies":[{"name":"wp","href":"https:\/\/api.w.org\/{rel}","templated":true}]}}