{"id":2775,"date":"2021-02-27T23:24:36","date_gmt":"2021-02-27T23:24:36","guid":{"rendered":"https:\/\/www.daichcoatings.com\/?post_type=product&#038;p=2775"},"modified":"2026-02-11T10:30:50","modified_gmt":"2026-02-11T15:30:50","slug":"spreadstone-mineral-select-countertop-finishing-kit","status":"publish","type":"product","link":"https:\/\/daichcoatings.com\/fr\/shop\/spreadstone-mineral-select-countertop-finishing-kit\/","title":{"rendered":"N\u00e9cessaire de restauration de comptoir Mineral Select"},"content":{"rendered":"<div class=\"elementor-element elementor-element-04d1df8 elementor-widget elementor-widget-text-editor is-mac\" data-id=\"04d1df8\" data-element_type=\"widget\" data-widget_type=\"text-editor.default\">\n<div class=\"elementor-widget-container\">\n<div class=\"elementor-text-editor elementor-clearfix\">\n<p>The SpreadStone Mineral Select\u2122 Countertop Kit offers shimmering mineral accents and color highlights found in natural mined rock <strong>\u2014 and all you do is roll it on!<\/strong> Jamais auparavant il n\u2019aura \u00e9t\u00e9 aussi facile et \u00e9conomique d\u2019ajouter la fonctionnalit\u00e9 et l\u2019attrait visuel de la pierre v\u00e9ritable de qualit\u00e9 sup\u00e9rieure \u00e0 tous les types de surfaces,\nsans devoir faire preuve d\u2019une grande habilet\u00e9 artistique.<\/p>\n<p>The SpreadStone Mineral Select\u2122 Countertop Kit is a fast and easy process accomplished in three fast and simple roller applications. This means that in just <b>one<\/b> <b>weekend<\/b>, you can take existing laminate, MDF, plywood, particle board, concrete, tile countertop and table surfaces \u2014 and turn them all into durable, stain and heat resistant surfaces with the design elegance of real stone!<\/p>\n<\/div>\n<\/div>\n<\/div>","protected":false},"excerpt":{"rendered":"<p class=\"elementor-heading-title elementor-size-default\"><span style=\"color: #000000;\">Resurface your drab, ugly countertop with The SpreadStone Mineral Select\u2122 Countertop Kit<br \/>\n<\/span><\/p>","protected":false},"featured_media":67297,"comment_status":"open","ping_status":"closed","template":"","meta":{"_kad_post_transparent":"default","_kad_post_title":"","_kad_post_layout":"default","_kad_post_sidebar_id":"","_kad_post_content_style":"default","_kad_post_vertical_padding":"default","_kad_post_feature":"","_kad_post_feature_position":"","_kad_post_header":false,"_kad_post_footer":false,"_kad_post_classname":""},"product_brand":[],"product_cat":[29,63,44],"product_tag":[40,35,36,34,38,37,41,39],"class_list":{"0":"post-2775","1":"product","2":"type-product","3":"status-publish","4":"has-post-thumbnail","6":"product_cat-countertop_coatings","7":"product_cat-countertop-refinish","8":"product_cat-spreadstone","9":"product_tag-bartop","10":"product_tag-countertop-coating","11":"product_tag-countertop-finish","12":"product_tag-countertop-paint","13":"product_tag-daich","14":"product_tag-stone-countertop","15":"product_tag-tabletop","16":"product_tag-vanity","17":"product_shipping_class-free-shipping","19":"first","20":"instock","21":"taxable","22":"shipping-taxable","23":"purchasable","24":"product-type-variable","25":"entry","26":"content-bg","27":"loop-entry"},"yoast_head":"<!-- This site is optimized with the Yoast SEO plugin v27.3 - https:\/\/yoast.com\/product\/yoast-seo-wordpress\/ -->\n<title>SpreadStone Mineral Select Countertop Finishing Kit - Daich Coatings<\/title>\n<meta name=\"description\" content=\"The SpreadStone Mineral Select\u2122 Countertop Kit offers shimmering mineral accents and color highlights found in natural mined rock.\" \/>\n<meta name=\"robots\" content=\"index, follow, max-snippet:-1, max-image-preview:large, max-video-preview:-1\" \/>\n<link rel=\"canonical\" href=\"https:\/\/daichcoatings.com\/fr\/shop\/spreadstone-mineral-select-countertop-finishing-kit\/\" \/>\n<meta property=\"og:locale\" content=\"fr_CA\" \/>\n<meta property=\"og:type\" content=\"article\" \/>\n<meta property=\"og:title\" content=\"SpreadStone Mineral Select Countertop Finishing Kit - Daich Coatings\" \/>\n<meta property=\"og:description\" content=\"The SpreadStone Mineral Select\u2122 Countertop Kit offers shimmering mineral accents and color highlights found in natural mined rock.\" \/>\n<meta property=\"og:url\" content=\"https:\/\/daichcoatings.com\/fr\/shop\/spreadstone-mineral-select-countertop-finishing-kit\/\" \/>\n<meta property=\"og:site_name\" content=\"Daich Coatings\" \/>\n<meta property=\"article:publisher\" content=\"https:\/\/www.facebook.com\/Decorativecoatingoverlays\/\" \/>\n<meta property=\"article:modified_time\" content=\"2026-02-11T15:30:50+00:00\" \/>\n<meta property=\"og:image\" content=\"https:\/\/daichcoatings.com\/wp-content\/uploads\/2021\/02\/Countertop-Kit-Box-MS-ENG-2020_resize.jpg\" \/>\n\t<meta property=\"og:image:width\" content=\"912\" \/>\n\t<meta property=\"og:image:height\" content=\"972\" \/>\n\t<meta property=\"og:image:type\" content=\"image\/jpeg\" \/>\n<meta name=\"twitter:label1\" content=\"Estimation du temps de lecture\" \/>\n\t<meta name=\"twitter:data1\" content=\"1 minute\" \/>\n<script type=\"application\/ld+json\" class=\"yoast-schema-graph\">{\"@context\":\"https:\\\/\\\/schema.org\",\"@graph\":[{\"@type\":\"WebPage\",\"@id\":\"https:\\\/\\\/daichcoatings.com\\\/shop\\\/spreadstone-mineral-select-countertop-finishing-kit\\\/\",\"url\":\"https:\\\/\\\/daichcoatings.com\\\/shop\\\/spreadstone-mineral-select-countertop-finishing-kit\\\/\",\"name\":\"SpreadStone Mineral Select Countertop Finishing Kit - Daich Coatings\",\"isPartOf\":{\"@id\":\"https:\\\/\\\/daichcoatings.com\\\/#website\"},\"primaryImageOfPage\":{\"@id\":\"https:\\\/\\\/daichcoatings.com\\\/shop\\\/spreadstone-mineral-select-countertop-finishing-kit\\\/#primaryimage\"},\"image\":{\"@id\":\"https:\\\/\\\/daichcoatings.com\\\/shop\\\/spreadstone-mineral-select-countertop-finishing-kit\\\/#primaryimage\"},\"thumbnailUrl\":\"https:\\\/\\\/daichcoatings.com\\\/wp-content\\\/uploads\\\/2021\\\/02\\\/Countertop-Kit-Box-MS-ENG-2020_resize.jpg\",\"datePublished\":\"2021-02-27T23:24:36+00:00\",\"dateModified\":\"2026-02-11T15:30:50+00:00\",\"description\":\"The SpreadStone Mineral Select\u2122 Countertop Kit offers shimmering mineral accents and color highlights found in natural mined rock.\",\"breadcrumb\":{\"@id\":\"https:\\\/\\\/daichcoatings.com\\\/shop\\\/spreadstone-mineral-select-countertop-finishing-kit\\\/#breadcrumb\"},\"inLanguage\":\"fr-CA\",\"potentialAction\":[{\"@type\":\"ReadAction\",\"target\":[\"https:\\\/\\\/daichcoatings.com\\\/shop\\\/spreadstone-mineral-select-countertop-finishing-kit\\\/\"]}]},{\"@type\":\"ImageObject\",\"inLanguage\":\"fr-CA\",\"@id\":\"https:\\\/\\\/daichcoatings.com\\\/shop\\\/spreadstone-mineral-select-countertop-finishing-kit\\\/#primaryimage\",\"url\":\"https:\\\/\\\/daichcoatings.com\\\/wp-content\\\/uploads\\\/2021\\\/02\\\/Countertop-Kit-Box-MS-ENG-2020_resize.jpg\",\"contentUrl\":\"https:\\\/\\\/daichcoatings.com\\\/wp-content\\\/uploads\\\/2021\\\/02\\\/Countertop-Kit-Box-MS-ENG-2020_resize.jpg\",\"width\":912,\"height\":972,\"caption\":\"Countertop-Kit-Box-MS-ENG-2020_resize\"},{\"@type\":\"BreadcrumbList\",\"@id\":\"https:\\\/\\\/daichcoatings.com\\\/shop\\\/spreadstone-mineral-select-countertop-finishing-kit\\\/#breadcrumb\",\"itemListElement\":[{\"@type\":\"ListItem\",\"position\":1,\"name\":\"Home\",\"item\":\"https:\\\/\\\/daichcoatings.com\\\/\"},{\"@type\":\"ListItem\",\"position\":2,\"name\":\"Shop\",\"item\":\"https:\\\/\\\/daichcoatings.com.dream.website\\\/fr\\\/shop\\\/\"},{\"@type\":\"ListItem\",\"position\":3,\"name\":\"SpreadStone Mineral Select Countertop Finishing Kit\"}]},{\"@type\":\"WebSite\",\"@id\":\"https:\\\/\\\/daichcoatings.com\\\/#website\",\"url\":\"https:\\\/\\\/daichcoatings.com\\\/\",\"name\":\"Daich Coatings\",\"description\":\"Real Stone Coatings!\",\"publisher\":{\"@id\":\"https:\\\/\\\/daichcoatings.com\\\/#organization\"},\"potentialAction\":[{\"@type\":\"SearchAction\",\"target\":{\"@type\":\"EntryPoint\",\"urlTemplate\":\"https:\\\/\\\/daichcoatings.com\\\/?s={search_term_string}\"},\"query-input\":{\"@type\":\"PropertyValueSpecification\",\"valueRequired\":true,\"valueName\":\"search_term_string\"}}],\"inLanguage\":\"fr-CA\"},{\"@type\":\"Organization\",\"@id\":\"https:\\\/\\\/daichcoatings.com\\\/#organization\",\"name\":\"Daich Coatings Inc\",\"url\":\"https:\\\/\\\/daichcoatings.com\\\/\",\"logo\":{\"@type\":\"ImageObject\",\"inLanguage\":\"fr-CA\",\"@id\":\"https:\\\/\\\/daichcoatings.com\\\/#\\\/schema\\\/logo\\\/image\\\/\",\"url\":\"https:\\\/\\\/daichcoatings.com\\\/wp-content\\\/uploads\\\/2025\\\/01\\\/Daich-Logo-2014-72_resize.png\",\"contentUrl\":\"https:\\\/\\\/daichcoatings.com\\\/wp-content\\\/uploads\\\/2025\\\/01\\\/Daich-Logo-2014-72_resize.png\",\"width\":194,\"height\":200,\"caption\":\"Daich Coatings Inc\"},\"image\":{\"@id\":\"https:\\\/\\\/daichcoatings.com\\\/#\\\/schema\\\/logo\\\/image\\\/\"},\"sameAs\":[\"https:\\\/\\\/www.facebook.com\\\/Decorativecoatingoverlays\\\/\",\"https:\\\/\\\/www.instagram.com\\\/daichcoatings\\\/\",\"https:\\\/\\\/www.youtube.com\\\/user\\\/DaichProducts\"]}]}<\/script>\n<!-- \/ Yoast SEO plugin. -->","yoast_head_json":{"title":"SpreadStone Mineral Select Countertop Finishing Kit - Daich Coatings","description":"The SpreadStone Mineral Select\u2122 Countertop Kit offers shimmering mineral accents and color highlights found in natural mined rock.","robots":{"index":"index","follow":"follow","max-snippet":"max-snippet:-1","max-image-preview":"max-image-preview:large","max-video-preview":"max-video-preview:-1"},"canonical":"https:\/\/daichcoatings.com\/fr\/shop\/spreadstone-mineral-select-countertop-finishing-kit\/","og_locale":"fr_CA","og_type":"article","og_title":"SpreadStone Mineral Select Countertop Finishing Kit - Daich Coatings","og_description":"The SpreadStone Mineral Select\u2122 Countertop Kit offers shimmering mineral accents and color highlights found in natural mined rock.","og_url":"https:\/\/daichcoatings.com\/fr\/shop\/spreadstone-mineral-select-countertop-finishing-kit\/","og_site_name":"Daich Coatings","article_publisher":"https:\/\/www.facebook.com\/Decorativecoatingoverlays\/","article_modified_time":"2026-02-11T15:30:50+00:00","og_image":[{"width":912,"height":972,"url":"https:\/\/daichcoatings.com\/wp-content\/uploads\/2021\/02\/Countertop-Kit-Box-MS-ENG-2020_resize.jpg","type":"image\/jpeg"}],"twitter_misc":{"Estimation du temps de lecture":"1 minute"},"schema":{"@context":"https:\/\/schema.org","@graph":[{"@type":"WebPage","@id":"https:\/\/daichcoatings.com\/shop\/spreadstone-mineral-select-countertop-finishing-kit\/","url":"https:\/\/daichcoatings.com\/shop\/spreadstone-mineral-select-countertop-finishing-kit\/","name":"SpreadStone Mineral Select Countertop Finishing Kit - Daich Coatings","isPartOf":{"@id":"https:\/\/daichcoatings.com\/#website"},"primaryImageOfPage":{"@id":"https:\/\/daichcoatings.com\/shop\/spreadstone-mineral-select-countertop-finishing-kit\/#primaryimage"},"image":{"@id":"https:\/\/daichcoatings.com\/shop\/spreadstone-mineral-select-countertop-finishing-kit\/#primaryimage"},"thumbnailUrl":"https:\/\/daichcoatings.com\/wp-content\/uploads\/2021\/02\/Countertop-Kit-Box-MS-ENG-2020_resize.jpg","datePublished":"2021-02-27T23:24:36+00:00","dateModified":"2026-02-11T15:30:50+00:00","description":"The SpreadStone Mineral Select\u2122 Countertop Kit offers shimmering mineral accents and color highlights found in natural mined rock.","breadcrumb":{"@id":"https:\/\/daichcoatings.com\/shop\/spreadstone-mineral-select-countertop-finishing-kit\/#breadcrumb"},"inLanguage":"fr-CA","potentialAction":[{"@type":"ReadAction","target":["https:\/\/daichcoatings.com\/shop\/spreadstone-mineral-select-countertop-finishing-kit\/"]}]},{"@type":"ImageObject","inLanguage":"fr-CA","@id":"https:\/\/daichcoatings.com\/shop\/spreadstone-mineral-select-countertop-finishing-kit\/#primaryimage","url":"https:\/\/daichcoatings.com\/wp-content\/uploads\/2021\/02\/Countertop-Kit-Box-MS-ENG-2020_resize.jpg","contentUrl":"https:\/\/daichcoatings.com\/wp-content\/uploads\/2021\/02\/Countertop-Kit-Box-MS-ENG-2020_resize.jpg","width":912,"height":972,"caption":"Countertop-Kit-Box-MS-ENG-2020_resize"},{"@type":"BreadcrumbList","@id":"https:\/\/daichcoatings.com\/shop\/spreadstone-mineral-select-countertop-finishing-kit\/#breadcrumb","itemListElement":[{"@type":"ListItem","position":1,"name":"Home","item":"https:\/\/daichcoatings.com\/"},{"@type":"ListItem","position":2,"name":"Shop","item":"https:\/\/daichcoatings.com.dream.website\/fr\/shop\/"},{"@type":"ListItem","position":3,"name":"SpreadStone Mineral Select Countertop Finishing Kit"}]},{"@type":"WebSite","@id":"https:\/\/daichcoatings.com\/#website","url":"https:\/\/daichcoatings.com\/","name":"Daich Coatings","description":"Real Stone Coatings!","publisher":{"@id":"https:\/\/daichcoatings.com\/#organization"},"potentialAction":[{"@type":"SearchAction","target":{"@type":"EntryPoint","urlTemplate":"https:\/\/daichcoatings.com\/?s={search_term_string}"},"query-input":{"@type":"PropertyValueSpecification","valueRequired":true,"valueName":"search_term_string"}}],"inLanguage":"fr-CA"},{"@type":"Organization","@id":"https:\/\/daichcoatings.com\/#organization","name":"Daich Coatings Inc","url":"https:\/\/daichcoatings.com\/","logo":{"@type":"ImageObject","inLanguage":"fr-CA","@id":"https:\/\/daichcoatings.com\/#\/schema\/logo\/image\/","url":"https:\/\/daichcoatings.com\/wp-content\/uploads\/2025\/01\/Daich-Logo-2014-72_resize.png","contentUrl":"https:\/\/daichcoatings.com\/wp-content\/uploads\/2025\/01\/Daich-Logo-2014-72_resize.png","width":194,"height":200,"caption":"Daich Coatings Inc"},"image":{"@id":"https:\/\/daichcoatings.com\/#\/schema\/logo\/image\/"},"sameAs":["https:\/\/www.facebook.com\/Decorativecoatingoverlays\/","https:\/\/www.instagram.com\/daichcoatings\/","https:\/\/www.youtube.com\/user\/DaichProducts"]}]}},"jetpack_sharing_enabled":true,"_links":{"self":[{"href":"https:\/\/daichcoatings.com\/fr\/wp-json\/wp\/v2\/product\/2775","targetHints":{"allow":["GET"]}}],"collection":[{"href":"https:\/\/daichcoatings.com\/fr\/wp-json\/wp\/v2\/product"}],"about":[{"href":"https:\/\/daichcoatings.com\/fr\/wp-json\/wp\/v2\/types\/product"}],"replies":[{"embeddable":true,"href":"https:\/\/daichcoatings.com\/fr\/wp-json\/wp\/v2\/comments?post=2775"}],"version-history":[{"count":1,"href":"https:\/\/daichcoatings.com\/fr\/wp-json\/wp\/v2\/product\/2775\/revisions"}],"predecessor-version":[{"id":101160,"href":"https:\/\/daichcoatings.com\/fr\/wp-json\/wp\/v2\/product\/2775\/revisions\/101160"}],"wp:featuredmedia":[{"embeddable":true,"href":"https:\/\/daichcoatings.com\/fr\/wp-json\/wp\/v2\/media\/67297"}],"wp:attachment":[{"href":"https:\/\/daichcoatings.com\/fr\/wp-json\/wp\/v2\/media?parent=2775"}],"wp:term":[{"taxonomy":"product_brand","embeddable":true,"href":"https:\/\/daichcoatings.com\/fr\/wp-json\/wp\/v2\/product_brand?post=2775"},{"taxonomy":"product_cat","embeddable":true,"href":"https:\/\/daichcoatings.com\/fr\/wp-json\/wp\/v2\/product_cat?post=2775"},{"taxonomy":"product_tag","embeddable":true,"href":"https:\/\/daichcoatings.com\/fr\/wp-json\/wp\/v2\/product_tag?post=2775"}],"curies":[{"name":"wp","href":"https:\/\/api.w.org\/{rel}","templated":true}]}}