{"id":37652,"date":"2021-08-20T11:37:14","date_gmt":"2021-08-20T15:37:14","guid":{"rendered":"https:\/\/www.daichcoatings.com\/?page_id=37652"},"modified":"2025-06-05T09:18:37","modified_gmt":"2025-06-05T13:18:37","slug":"refund_returns","status":"publish","type":"page","link":"https:\/\/daichcoatings.com\/fr\/refund_returns\/","title":{"rendered":"Politique de retour et de remboursement"},"content":{"rendered":"<div data-elementor-type=\"wp-page\" data-elementor-id=\"37652\" class=\"elementor elementor-37652\" data-elementor-post-type=\"page\">\n\t\t\t\t\t\t<section class=\"elementor-section elementor-top-section elementor-element elementor-element-49c60244 elementor-section-boxed elementor-section-height-default elementor-section-height-default\" data-id=\"49c60244\" data-element_type=\"section\" data-e-type=\"section\">\n\t\t\t\t\t\t<div class=\"elementor-container elementor-column-gap-default\">\n\t\t\t\t\t<div class=\"elementor-column elementor-col-100 elementor-top-column elementor-element elementor-element-42db62aa\" data-id=\"42db62aa\" data-element_type=\"column\" data-e-type=\"column\">\n\t\t\t<div class=\"elementor-widget-wrap elementor-element-populated\">\n\t\t\t\t\t\t<div class=\"elementor-element elementor-element-1b08e92 elementor-widget elementor-widget-heading\" data-id=\"1b08e92\" data-element_type=\"widget\" data-e-type=\"widget\" data-widget_type=\"heading.default\">\n\t\t\t\t<div class=\"elementor-widget-container\">\n\t\t\t\t\t<h2 class=\"elementor-heading-title elementor-size-default\">Politique de retour et de remboursement<\/h2>\t\t\t\t<\/div>\n\t\t\t\t<\/div>\n\t\t\t\t<div class=\"elementor-element elementor-element-10fd2062 elementor-widget elementor-widget-text-editor\" data-id=\"10fd2062\" data-element_type=\"widget\" data-e-type=\"widget\" data-widget_type=\"text-editor.default\">\n\t\t\t\t<div class=\"elementor-widget-container\">\n\t\t\t\t\t\t\t\t\t<p><!-- \/wp:paragraph --><!-- wp:paragraph --><\/p>\n<p><strong><span style=\"color: #333399;\">Notre politique de remboursement et de retour a une dur\u00e9e de 30\u00a0jours. Si 30\u00a0jours se sont \u00e9coul\u00e9s depuis votre achat, nous ne pouvons pas vous offrir un remboursement complet ni un \u00e9change.\u00a0<br \/>(Once an item is shipped from us with a Tracking Number, the customer is responsible for any return shipping costs.)<\/span><\/strong><br \/>Pour \u00eatre admissible \u00e0 un retour, votre produit doit \u00eatre inutilis\u00e9 et dans le m\u00eame \u00e9tat que celui dans lequel vous l\u2019avez re\u00e7u. Il doit \u00e9galement \u00eatre dans son emballage d\u2019origine.<br \/>Pour effectuer votre retour, nous avons besoin d\u2019un re\u00e7u ou d\u2019une preuve d\u2019achat.<br \/>Dans certains cas, seuls des remboursements partiels sont accord\u00e9s\u00a0:<br \/>Tout produit qui n\u2019est pas dans son \u00e9tat d\u2019origine, qui est endommag\u00e9 ou pour lequel une ou des pi\u00e8ces seraient manquantes pour des raisons qui ne sont pas dues \u00e0 une erreur de notre part.<br \/>&#8212;&#8212;&#8212;&#8212;&#8212;&#8212;&#8212;&#8212;&#8212;&#8212;&#8212;&#8212;&#8212;&#8212;&#8212;&#8212;&#8212;&#8212;&#8212;&#8212;&#8212;&#8212;&#8212;&#8212;&#8212;<br \/><span style=\"color: #000080;\"><strong>Tout produit retourn\u00e9 plus de 30\u00a0jours apr\u00e8s sa livraison<\/strong><\/span><br \/>Lorsque nous aurons re\u00e7u et inspect\u00e9 votre produit retourn\u00e9, nous vous enverrons un courriel afin de vous en informer. Nous vous aviserons \u00e9galement de l\u2019approbation ou du refus de votre remboursement.<br \/>Si votre demande est accept\u00e9e, votre remboursement sera trait\u00e9 et un cr\u00e9dit sera automatiquement appliqu\u00e9 \u00e0 votre carte de cr\u00e9dit ou \u00e0 votre mode de paiement initial, et ce, dans un d\u00e9lai de quelques jours.<br \/>&#8212;&#8212;&#8212;&#8212;&#8212;&#8212;&#8212;&#8212;&#8212;&#8212;&#8212;&#8212;&#8212;&#8212;&#8212;&#8212;&#8212;&#8212;&#8212;&#8212;&#8212;&#8212;&#8212;&#8212;&#8212;-<br \/><span style=\"color: #000080;\"><strong>Remboursements tardifs ou non re\u00e7us<\/strong><\/span><br \/>Si vous n\u2019avez pas re\u00e7u de remboursement, veuillez d\u2019abord v\u00e9rifier votre compte bancaire.<br \/>Puis, veuillez communiquer avec la soci\u00e9t\u00e9 \u00e9mettrice de votre carte de cr\u00e9dit, car il peut s\u2019\u00e9couler un certain temps avant que votre remboursement ne soit officiellement comptabilis\u00e9.<br \/>Veuillez ensuite communiquer avec votre institution bancaire. Il y a souvent un d\u00e9lai de traitement avant que le remboursement ne soit comptabilis\u00e9.<br \/>If you\u2019ve done all of this and you still have not received your refund yet, please contact us at <a href=\"mailto:info@daichcoatings.com\">info@daichcoatings.com<\/a>.<br \/><span style=\"background-color: transparent; color: var( --e-global-color-secondary );\">&#8212;&#8212;&#8212;&#8212;&#8212;&#8212;&#8212;&#8212;&#8212;&#8212;&#8212;&#8212;&#8212;&#8212;&#8212;&#8212;&#8212;&#8212;&#8212;&#8212;&#8212;&#8212;&#8212;&#8212;&#8212;&#8211;<\/span><\/p>\n<p>We do accept\u00a0returns\u00a0of <strong>unopened product<\/strong> but we do not pay for the return shipping.\u00a0<br \/>You can ship it to the address below and email a tracking number to\u00a0<a href=\"mailto:Chrisg@daichcoatings.com\">Chrisg@daichcoatings.com<\/a><\/p>\n<p><span style=\"color: #ff0000;\">The order number must be in the subject field.<br \/><\/span><span style=\"color: #ff0000;\">Please include a description of what you are returning.<\/span><\/p>\n<p>Exp\u00e9diez le produit \u00e0\u00a0:<\/p>\n<p>Daich Coatings<br \/>C\/O Ameri Connect<br \/>2775 Broadway St. <br \/>Suite 200<br \/>Buffalo, NY 14227<br \/>P: 716-892-9210<\/p>\n<p>Il vous incombe de payer les frais d\u2019exp\u00e9dition pour le retour de votre produit. Les frais d\u2019exp\u00e9dition ne sont pas remboursables.<br \/><span style=\"background-color: transparent; color: var( --e-global-color-secondary );\">Le d\u00e9lai d\u2019acheminement du produit \u00e9chang\u00e9 peut varier en fonction de votre lieu de r\u00e9sidence.<br \/><\/span><span style=\"background-color: transparent; color: var( --e-global-color-secondary );\">Si vous retournez des produits co\u00fbteux, vous devriez envisager d\u2019utiliser une entreprise de messagerie offrant un service de rep\u00e9rage ou de souscrire une couverture-responsabilit\u00e9. Nous ne pouvons garantir que nous recevrons votre produit retourn\u00e9.<\/span><\/p>\n<div class=\"translation-block\">Pour toute question relative aux remboursements et aux retours, veuillez communiquer avec nous \u00e0 l\u2019adresse \u00e9lectronique suivante\u00a0info@daichcoatings.com.<\/div>\n<p><!-- \/wp:paragraph --><\/p>\t\t\t\t\t\t\t\t<\/div>\n\t\t\t\t<\/div>\n\t\t\t\t\t<\/div>\n\t\t<\/div>\n\t\t\t\t\t<\/div>\n\t\t<\/section>\n\t\t\t\t<\/div>","protected":false},"excerpt":{"rendered":"<p>Returns and Refunds Policy Our refund and returns policy lasts 30 days. If 30 days have passed since your purchase, we can\u2019t offer you a full refund or exchange.\u00a0(Once an item is shipped from us with a Tracking Number, the customer is responsible for any return shipping costs.)To be eligible for a return, your item&#8230;<\/p>","protected":false},"author":1,"featured_media":0,"parent":0,"menu_order":0,"comment_status":"closed","ping_status":"closed","template":"","meta":{"_kad_post_transparent":"","_kad_post_title":"","_kad_post_layout":"","_kad_post_sidebar_id":"","_kad_post_content_style":"","_kad_post_vertical_padding":"","_kad_post_feature":"","_kad_post_feature_position":"","_kad_post_header":false,"_kad_post_footer":false,"_kad_post_classname":"","footnotes":""},"class_list":["post-37652","page","type-page","status-publish","hentry"],"yoast_head":"<!-- This site is optimized with the Yoast SEO plugin v27.4 - https:\/\/yoast.com\/product\/yoast-seo-wordpress\/ -->\n<title>Refund and Returns Policy - Daich Coatings<\/title>\n<meta name=\"description\" content=\"Daich Coatings Refunds and Returns policy\" \/>\n<meta name=\"robots\" content=\"index, follow, max-snippet:-1, max-image-preview:large, max-video-preview:-1\" \/>\n<link rel=\"canonical\" href=\"https:\/\/daichcoatings.com\/fr\/refund_returns\/\" \/>\n<meta property=\"og:locale\" content=\"fr_CA\" \/>\n<meta property=\"og:type\" content=\"article\" \/>\n<meta property=\"og:title\" content=\"Refund and Returns Policy - Daich Coatings\" \/>\n<meta property=\"og:description\" content=\"Daich Coatings Refunds and Returns policy\" \/>\n<meta property=\"og:url\" content=\"https:\/\/daichcoatings.com\/fr\/refund_returns\/\" \/>\n<meta property=\"og:site_name\" content=\"Daich Coatings\" \/>\n<meta property=\"article:publisher\" content=\"https:\/\/www.facebook.com\/Decorativecoatingoverlays\/\" \/>\n<meta property=\"article:modified_time\" content=\"2025-06-05T13:18:37+00:00\" \/>\n<meta name=\"twitter:label1\" content=\"Estimation du temps de lecture\" \/>\n\t<meta name=\"twitter:data1\" content=\"2 minutes\" \/>\n<script type=\"application\/ld+json\" class=\"yoast-schema-graph\">{\"@context\":\"https:\\\/\\\/schema.org\",\"@graph\":[{\"@type\":\"WebPage\",\"@id\":\"https:\\\/\\\/daichcoatings.com\\\/refund_returns\\\/\",\"url\":\"https:\\\/\\\/daichcoatings.com\\\/refund_returns\\\/\",\"name\":\"Refund and Returns Policy - Daich Coatings\",\"isPartOf\":{\"@id\":\"https:\\\/\\\/daichcoatings.com\\\/#website\"},\"datePublished\":\"2021-08-20T15:37:14+00:00\",\"dateModified\":\"2025-06-05T13:18:37+00:00\",\"description\":\"Daich Coatings Refunds and Returns policy\",\"breadcrumb\":{\"@id\":\"https:\\\/\\\/daichcoatings.com\\\/refund_returns\\\/#breadcrumb\"},\"inLanguage\":\"fr-CA\",\"potentialAction\":[{\"@type\":\"ReadAction\",\"target\":[\"https:\\\/\\\/daichcoatings.com\\\/refund_returns\\\/\"]}]},{\"@type\":\"BreadcrumbList\",\"@id\":\"https:\\\/\\\/daichcoatings.com\\\/refund_returns\\\/#breadcrumb\",\"itemListElement\":[{\"@type\":\"ListItem\",\"position\":1,\"name\":\"Home\",\"item\":\"https:\\\/\\\/daichcoatings.com\\\/\"},{\"@type\":\"ListItem\",\"position\":2,\"name\":\"Refund and Returns Policy\"}]},{\"@type\":\"WebSite\",\"@id\":\"https:\\\/\\\/daichcoatings.com\\\/#website\",\"url\":\"https:\\\/\\\/daichcoatings.com\\\/\",\"name\":\"Daich Coatings\",\"description\":\"Real Stone Coatings!\",\"publisher\":{\"@id\":\"https:\\\/\\\/daichcoatings.com\\\/#organization\"},\"potentialAction\":[{\"@type\":\"SearchAction\",\"target\":{\"@type\":\"EntryPoint\",\"urlTemplate\":\"https:\\\/\\\/daichcoatings.com\\\/?s={search_term_string}\"},\"query-input\":{\"@type\":\"PropertyValueSpecification\",\"valueRequired\":true,\"valueName\":\"search_term_string\"}}],\"inLanguage\":\"fr-CA\"},{\"@type\":\"Organization\",\"@id\":\"https:\\\/\\\/daichcoatings.com\\\/#organization\",\"name\":\"Daich Coatings Inc\",\"url\":\"https:\\\/\\\/daichcoatings.com\\\/\",\"logo\":{\"@type\":\"ImageObject\",\"inLanguage\":\"fr-CA\",\"@id\":\"https:\\\/\\\/daichcoatings.com\\\/#\\\/schema\\\/logo\\\/image\\\/\",\"url\":\"https:\\\/\\\/daichcoatings.com\\\/wp-content\\\/uploads\\\/2025\\\/01\\\/Daich-Logo-2014-72_resize.png\",\"contentUrl\":\"https:\\\/\\\/daichcoatings.com\\\/wp-content\\\/uploads\\\/2025\\\/01\\\/Daich-Logo-2014-72_resize.png\",\"width\":194,\"height\":200,\"caption\":\"Daich Coatings Inc\"},\"image\":{\"@id\":\"https:\\\/\\\/daichcoatings.com\\\/#\\\/schema\\\/logo\\\/image\\\/\"},\"sameAs\":[\"https:\\\/\\\/www.facebook.com\\\/Decorativecoatingoverlays\\\/\",\"https:\\\/\\\/www.instagram.com\\\/daichcoatings\\\/\",\"https:\\\/\\\/www.youtube.com\\\/user\\\/DaichProducts\"]}]}<\/script>\n<!-- \/ Yoast SEO plugin. -->","yoast_head_json":{"title":"Refund and Returns Policy - Daich Coatings","description":"Daich Coatings Refunds and Returns policy","robots":{"index":"index","follow":"follow","max-snippet":"max-snippet:-1","max-image-preview":"max-image-preview:large","max-video-preview":"max-video-preview:-1"},"canonical":"https:\/\/daichcoatings.com\/fr\/refund_returns\/","og_locale":"fr_CA","og_type":"article","og_title":"Refund and Returns Policy - Daich Coatings","og_description":"Daich Coatings Refunds and Returns policy","og_url":"https:\/\/daichcoatings.com\/fr\/refund_returns\/","og_site_name":"Daich Coatings","article_publisher":"https:\/\/www.facebook.com\/Decorativecoatingoverlays\/","article_modified_time":"2025-06-05T13:18:37+00:00","twitter_misc":{"Estimation du temps de lecture":"2 minutes"},"schema":{"@context":"https:\/\/schema.org","@graph":[{"@type":"WebPage","@id":"https:\/\/daichcoatings.com\/refund_returns\/","url":"https:\/\/daichcoatings.com\/refund_returns\/","name":"Refund and Returns Policy - Daich Coatings","isPartOf":{"@id":"https:\/\/daichcoatings.com\/#website"},"datePublished":"2021-08-20T15:37:14+00:00","dateModified":"2025-06-05T13:18:37+00:00","description":"Daich Coatings Refunds and Returns policy","breadcrumb":{"@id":"https:\/\/daichcoatings.com\/refund_returns\/#breadcrumb"},"inLanguage":"fr-CA","potentialAction":[{"@type":"ReadAction","target":["https:\/\/daichcoatings.com\/refund_returns\/"]}]},{"@type":"BreadcrumbList","@id":"https:\/\/daichcoatings.com\/refund_returns\/#breadcrumb","itemListElement":[{"@type":"ListItem","position":1,"name":"Home","item":"https:\/\/daichcoatings.com\/"},{"@type":"ListItem","position":2,"name":"Refund and Returns Policy"}]},{"@type":"WebSite","@id":"https:\/\/daichcoatings.com\/#website","url":"https:\/\/daichcoatings.com\/","name":"Daich Coatings","description":"Real Stone Coatings!","publisher":{"@id":"https:\/\/daichcoatings.com\/#organization"},"potentialAction":[{"@type":"SearchAction","target":{"@type":"EntryPoint","urlTemplate":"https:\/\/daichcoatings.com\/?s={search_term_string}"},"query-input":{"@type":"PropertyValueSpecification","valueRequired":true,"valueName":"search_term_string"}}],"inLanguage":"fr-CA"},{"@type":"Organization","@id":"https:\/\/daichcoatings.com\/#organization","name":"Daich Coatings Inc","url":"https:\/\/daichcoatings.com\/","logo":{"@type":"ImageObject","inLanguage":"fr-CA","@id":"https:\/\/daichcoatings.com\/#\/schema\/logo\/image\/","url":"https:\/\/daichcoatings.com\/wp-content\/uploads\/2025\/01\/Daich-Logo-2014-72_resize.png","contentUrl":"https:\/\/daichcoatings.com\/wp-content\/uploads\/2025\/01\/Daich-Logo-2014-72_resize.png","width":194,"height":200,"caption":"Daich Coatings Inc"},"image":{"@id":"https:\/\/daichcoatings.com\/#\/schema\/logo\/image\/"},"sameAs":["https:\/\/www.facebook.com\/Decorativecoatingoverlays\/","https:\/\/www.instagram.com\/daichcoatings\/","https:\/\/www.youtube.com\/user\/DaichProducts"]}]}},"jetpack_sharing_enabled":true,"_links":{"self":[{"href":"https:\/\/daichcoatings.com\/fr\/wp-json\/wp\/v2\/pages\/37652","targetHints":{"allow":["GET"]}}],"collection":[{"href":"https:\/\/daichcoatings.com\/fr\/wp-json\/wp\/v2\/pages"}],"about":[{"href":"https:\/\/daichcoatings.com\/fr\/wp-json\/wp\/v2\/types\/page"}],"author":[{"embeddable":true,"href":"https:\/\/daichcoatings.com\/fr\/wp-json\/wp\/v2\/users\/1"}],"replies":[{"embeddable":true,"href":"https:\/\/daichcoatings.com\/fr\/wp-json\/wp\/v2\/comments?post=37652"}],"version-history":[{"count":0,"href":"https:\/\/daichcoatings.com\/fr\/wp-json\/wp\/v2\/pages\/37652\/revisions"}],"wp:attachment":[{"href":"https:\/\/daichcoatings.com\/fr\/wp-json\/wp\/v2\/media?parent=37652"}],"curies":[{"name":"wp","href":"https:\/\/api.w.org\/{rel}","templated":true}]}}