{"id":33436,"date":"2021-03-31T13:31:59","date_gmt":"2021-03-31T17:31:59","guid":{"rendered":"https:\/\/www.daichcoatings.com\/?page_id=33436"},"modified":"2021-05-18T15:21:24","modified_gmt":"2021-05-18T19:21:24","slug":"privacy-policy","status":"publish","type":"page","link":"https:\/\/daichcoatings.com\/fr\/privacy-policy\/","title":{"rendered":"POLITIQUE DE CONFIDENTIALIT\u00c9\u00a0"},"content":{"rendered":"<div data-elementor-type=\"wp-page\" data-elementor-id=\"33436\" class=\"elementor elementor-33436\" data-elementor-post-type=\"page\">\n\t\t\t\t\t\t<section class=\"elementor-section elementor-top-section elementor-element elementor-element-1de9ad04 elementor-section-boxed elementor-section-height-default elementor-section-height-default\" data-id=\"1de9ad04\" data-element_type=\"section\" data-e-type=\"section\">\n\t\t\t\t\t\t<div class=\"elementor-container elementor-column-gap-default\">\n\t\t\t\t\t<div class=\"elementor-column elementor-col-100 elementor-top-column elementor-element elementor-element-1c4aa29a\" data-id=\"1c4aa29a\" data-element_type=\"column\" data-e-type=\"column\">\n\t\t\t<div class=\"elementor-widget-wrap elementor-element-populated\">\n\t\t\t\t\t\t<div class=\"elementor-element elementor-element-6ef26188 elementor-widget elementor-widget-text-editor\" data-id=\"6ef26188\" data-element_type=\"widget\" data-e-type=\"widget\" data-widget_type=\"text-editor.default\">\n\t\t\t\t<div class=\"elementor-widget-container\">\n\t\t\t\t\t\t\t\t\t\n<h2 class=\"wp-block-heading\">Qui sommes-nous?<\/h2>\n\n<p><strong class=\"privacy-policy-tutorial\">\u00a0<\/strong>L\u2019adresse de notre site Web est la suivante\u00a0: https:\/\/www.daichcoatings.com<\/p>\n\n<h2 class=\"wp-block-heading\">Commentaires\u00a0<\/h2>\n\n<p><strong class=\"privacy-policy-tutorial\">\u00a0<\/strong>Lorsque les visiteurs laissent des commentaires sur le site, nous recueillons les donn\u00e9es figurant dans le formulaire de commentaires, ainsi que l\u2019adresse IP du visiteur et la cha\u00eene de l\u2019agent utilisateur du navigateur afin de faciliter la d\u00e9tection des pourriels.<\/p>\n\n<p>Une cha\u00eene anonyme cr\u00e9\u00e9e \u00e0 partir de votre adresse \u00e9lectronique (\u00e9galement appel\u00e9e \u00ab\u00a0hachage\u00a0\u00bb) peut \u00eatre fournie au service Gravatar afin de v\u00e9rifier si vous en faites utilisation. Pour acc\u00e9der \u00e0 la politique de confidentialit\u00e9 du service Gravatar, veuillez cliquer ici\u00a0: https:\/\/automattic.com\/privacy\/ (en anglais). Apr\u00e8s approbation de votre commentaire, votre photo de profil sera visible par le public dans le contexte de votre commentaire.<\/p>\n\n<h2 class=\"wp-block-heading\">M\u00e9dia\u00a0<\/h2>\n\n<p><strong class=\"privacy-policy-tutorial\">\u00a0<\/strong>Si vous t\u00e9l\u00e9versez des images sur le site Web, vous devez \u00e9viter de t\u00e9l\u00e9verser des images contenant des donn\u00e9es de localisation int\u00e9gr\u00e9es (EXIF GPS). Les visiteurs du site Web peuvent t\u00e9l\u00e9charger et extraire toutes les donn\u00e9es de localisation des images sur le site Web.<\/p>\n\n<h2 class=\"wp-block-heading\">T\u00e9moins de connexion\u00a0:<\/h2>\n\n<p><strong class=\"privacy-policy-tutorial\">\u00a0<\/strong>Si vous laissez un commentaire sur notre site, vous pouvez accepter que votre nom, votre adresse \u00e9lectronique et votre site Web soient enregistr\u00e9s dans les t\u00e9moins. Ces t\u00e9moins sont destin\u00e9s \u00e0 vous faciliter la t\u00e2che, de sorte que vous n\u2019ayez pas \u00e0 fournir \u00e0 nouveau vos coordonn\u00e9es lorsque vous laissez un autre commentaire. Ces t\u00e9moins ont une dur\u00e9e de vie d\u2019un an.<\/p>\n\n<p>Si vous visitez notre page d\u2019ouverture de session, nous installerons un t\u00e9moin temporaire afin de d\u00e9terminer si votre navigateur accepte les t\u00e9moins de connexion. Ce t\u00e9moin ne contient aucune donn\u00e9e personnelle et est supprim\u00e9 lorsque vous fermez votre navigateur.<\/p>\n\n<p>Lorsque vous ouvrez une session, nous installons \u00e9galement plusieurs t\u00e9moins afin d\u2019enregistrer vos informations de connexion et vos choix d\u2019affichage \u00e0 l\u2019\u00e9cran. Les t\u00e9moins de connexion ont une dur\u00e9e de vie de deux jours et les t\u00e9moins d\u2019options d\u2019affichage ont une dur\u00e9e de vie d\u2019un an. Si vous s\u00e9lectionnez l\u2019option \u00ab\u00a0Se souvenir de moi\u00a0\u00bb, votre connexion sera conserv\u00e9e pendant deux semaines. Si vous vous d\u00e9connectez de votre compte, les t\u00e9moins de connexion seront supprim\u00e9s.<\/p>\n\n<p>Si vous modifiez ou publiez un article, un t\u00e9moin suppl\u00e9mentaire sera enregistr\u00e9 dans votre navigateur. Ce t\u00e9moin ne contient aucune donn\u00e9e personnelle et indique simplement l\u2019identifiant de l\u2019article que vous venez de modifier. Il expire apr\u00e8s un jour.<\/p>\n\n<h2 class=\"wp-block-heading\">Contenu int\u00e9gr\u00e9 provenant d\u2019autres sites Web\u00a0:<\/h2>\n\n<p><strong class=\"privacy-policy-tutorial\">\u00a0<\/strong>Les articles de ce site peuvent contenir du contenu int\u00e9gr\u00e9 (p.\u00a0ex.\u00a0: des vid\u00e9os, des images, des articles, etc.). Le contenu int\u00e9gr\u00e9 provenant d\u2019autres sites Web se comporte exactement de la m\u00eame mani\u00e8re que si le visiteur avait visit\u00e9 l\u2019autre site Web.<\/p>\n\n<p>Ces sites Web peuvent collecter des donn\u00e9es vous concernant, utiliser des t\u00e9moins, int\u00e9grer un suivi suppl\u00e9mentaire par des tiers et surveiller votre interaction avec ce contenu int\u00e9gr\u00e9, y compris votre interaction avec le contenu int\u00e9gr\u00e9 si vous avez un compte et que vous \u00eates connect\u00e9 \u00e0 ce site Web.<\/p>\n\n<h2 class=\"wp-block-heading\">Avec qui nous partageons vos donn\u00e9es\u00a0:<\/h2>\n\n<p><strong class=\"privacy-policy-tutorial\">\u00a0<\/strong>Si vous demandez une r\u00e9initialisation de votre mot de passe, votre adresse IP sera incluse dans le courriel de r\u00e9initialisation.<\/p>\n\n<h2 class=\"wp-block-heading\">Dur\u00e9e de conservation des donn\u00e9es\u00a0:<\/h2>\n\n<p><strong class=\"privacy-policy-tutorial\">\u00a0<\/strong>Si vous laissez un commentaire, celui-ci et ses m\u00e9tadonn\u00e9es sont conserv\u00e9s ind\u00e9finiment. Cela nous permet de reconna\u00eetre et d\u2019approuver automatiquement les commentaires de suivi au lieu de les conserver dans une file d\u2019attente du mod\u00e9rateur.<\/p>\n\n<p>Pour les utilisateurs qui s\u2019inscrivent sur notre site Web (le cas \u00e9ch\u00e9ant), nous conservons \u00e9galement les informations personnelles qu\u2019ils fournissent dans leur profil d\u2019utilisateur. Tous les utilisateurs peuvent voir, modifier ou supprimer leurs informations personnelles \u00e0 tout moment (sauf qu\u2019ils ne peuvent pas changer leur nom d\u2019utilisateur). Les administrateurs du site Web peuvent \u00e9galement consulter et modifier ces informations.<\/p>\n\n<h2 class=\"wp-block-heading\">Les droits que vous avez sur vos donn\u00e9es\u00a0:<\/h2>\n\n<p>Si vous avez un compte sur ce site, ou si vous avez laiss\u00e9 des commentaires, vous pouvez demander \u00e0 recevoir un fichier export\u00e9 des donn\u00e9es personnelles que nous d\u00e9tenons \u00e0 votre sujet, y compris toutes les donn\u00e9es que vous nous avez fournies. Vous pouvez \u00e9galement nous demander de supprimer toutes les donn\u00e9es personnelles que nous d\u00e9tenons \u00e0 votre sujet. Cela n\u2019inclut pas les donn\u00e9es que nous sommes oblig\u00e9s de conserver \u00e0 des fins administratives, juridiques ou de s\u00e9curit\u00e9.<\/p>\n\n<h2 class=\"wp-block-heading\">O\u00f9 nous envoyons vos donn\u00e9es\u00a0:<\/h2>\n\n<p>Les commentaires des visiteurs peuvent \u00eatre v\u00e9rifi\u00e9s par un service automatis\u00e9 de d\u00e9tection des pourriels.<\/p>\n\t\t\t\t\t\t\t\t<\/div>\n\t\t\t\t<\/div>\n\t\t\t\t\t<\/div>\n\t\t<\/div>\n\t\t\t\t\t<\/div>\n\t\t<\/section>\n\t\t\t\t<\/div>","protected":false},"excerpt":{"rendered":"<p>Who we are &nbsp;Our website address is: https:\/\/www.daichcoatings.com. Comments &nbsp;When visitors leave comments on the site we collect the data shown in the comments form, and also the visitor\u2019s IP address and browser user agent string to help spam detection. An anonymized string created from your email address (also called a hash) may be provided&#8230;<\/p>","protected":false},"author":1,"featured_media":0,"parent":0,"menu_order":0,"comment_status":"closed","ping_status":"closed","template":"","meta":{"_kad_post_transparent":"","_kad_post_title":"","_kad_post_layout":"","_kad_post_sidebar_id":"","_kad_post_content_style":"","_kad_post_vertical_padding":"","_kad_post_feature":"","_kad_post_feature_position":"","_kad_post_header":false,"_kad_post_footer":false,"_kad_post_classname":"","footnotes":""},"class_list":["post-33436","page","type-page","status-publish","hentry"],"yoast_head":"<!-- This site is optimized with the Yoast SEO plugin v27.3 - https:\/\/yoast.com\/product\/yoast-seo-wordpress\/ -->\n<title>Daich Coatings privacy PolicyPrivacy Policy - Daich Coatings<\/title>\n<meta name=\"description\" content=\"Daich Coatings privacy Policy\" \/>\n<meta name=\"robots\" content=\"index, follow, max-snippet:-1, max-image-preview:large, max-video-preview:-1\" \/>\n<link rel=\"canonical\" href=\"https:\/\/daichcoatings.com\/fr\/privacy-policy\/\" \/>\n<meta property=\"og:locale\" content=\"fr_CA\" \/>\n<meta property=\"og:type\" content=\"article\" \/>\n<meta property=\"og:title\" content=\"Daich Coatings privacy PolicyPrivacy Policy - Daich Coatings\" \/>\n<meta property=\"og:description\" content=\"Daich Coatings privacy Policy\" \/>\n<meta property=\"og:url\" content=\"https:\/\/daichcoatings.com\/fr\/privacy-policy\/\" \/>\n<meta property=\"og:site_name\" content=\"Daich Coatings\" \/>\n<meta property=\"article:publisher\" content=\"https:\/\/www.facebook.com\/Decorativecoatingoverlays\/\" \/>\n<meta property=\"article:modified_time\" content=\"2021-05-18T19:21:24+00:00\" \/>\n<meta name=\"twitter:label1\" content=\"Estimation du temps de lecture\" \/>\n\t<meta name=\"twitter:data1\" content=\"3 minutes\" \/>\n<script type=\"application\/ld+json\" class=\"yoast-schema-graph\">{\"@context\":\"https:\\\/\\\/schema.org\",\"@graph\":[{\"@type\":\"WebPage\",\"@id\":\"https:\\\/\\\/daichcoatings.com\\\/privacy-policy\\\/\",\"url\":\"https:\\\/\\\/daichcoatings.com\\\/privacy-policy\\\/\",\"name\":\"Daich Coatings privacy PolicyPrivacy Policy - Daich Coatings\",\"isPartOf\":{\"@id\":\"https:\\\/\\\/daichcoatings.com\\\/#website\"},\"datePublished\":\"2021-03-31T17:31:59+00:00\",\"dateModified\":\"2021-05-18T19:21:24+00:00\",\"description\":\"Daich Coatings privacy Policy\",\"breadcrumb\":{\"@id\":\"https:\\\/\\\/daichcoatings.com\\\/privacy-policy\\\/#breadcrumb\"},\"inLanguage\":\"fr-CA\",\"potentialAction\":[{\"@type\":\"ReadAction\",\"target\":[\"https:\\\/\\\/daichcoatings.com\\\/privacy-policy\\\/\"]}]},{\"@type\":\"BreadcrumbList\",\"@id\":\"https:\\\/\\\/daichcoatings.com\\\/privacy-policy\\\/#breadcrumb\",\"itemListElement\":[{\"@type\":\"ListItem\",\"position\":1,\"name\":\"Home\",\"item\":\"https:\\\/\\\/daichcoatings.com\\\/\"},{\"@type\":\"ListItem\",\"position\":2,\"name\":\"Privacy Policy\"}]},{\"@type\":\"WebSite\",\"@id\":\"https:\\\/\\\/daichcoatings.com\\\/#website\",\"url\":\"https:\\\/\\\/daichcoatings.com\\\/\",\"name\":\"Daich Coatings\",\"description\":\"Real Stone Coatings!\",\"publisher\":{\"@id\":\"https:\\\/\\\/daichcoatings.com\\\/#organization\"},\"potentialAction\":[{\"@type\":\"SearchAction\",\"target\":{\"@type\":\"EntryPoint\",\"urlTemplate\":\"https:\\\/\\\/daichcoatings.com\\\/?s={search_term_string}\"},\"query-input\":{\"@type\":\"PropertyValueSpecification\",\"valueRequired\":true,\"valueName\":\"search_term_string\"}}],\"inLanguage\":\"fr-CA\"},{\"@type\":\"Organization\",\"@id\":\"https:\\\/\\\/daichcoatings.com\\\/#organization\",\"name\":\"Daich Coatings Inc\",\"url\":\"https:\\\/\\\/daichcoatings.com\\\/\",\"logo\":{\"@type\":\"ImageObject\",\"inLanguage\":\"fr-CA\",\"@id\":\"https:\\\/\\\/daichcoatings.com\\\/#\\\/schema\\\/logo\\\/image\\\/\",\"url\":\"https:\\\/\\\/daichcoatings.com\\\/wp-content\\\/uploads\\\/2025\\\/01\\\/Daich-Logo-2014-72_resize.png\",\"contentUrl\":\"https:\\\/\\\/daichcoatings.com\\\/wp-content\\\/uploads\\\/2025\\\/01\\\/Daich-Logo-2014-72_resize.png\",\"width\":194,\"height\":200,\"caption\":\"Daich Coatings Inc\"},\"image\":{\"@id\":\"https:\\\/\\\/daichcoatings.com\\\/#\\\/schema\\\/logo\\\/image\\\/\"},\"sameAs\":[\"https:\\\/\\\/www.facebook.com\\\/Decorativecoatingoverlays\\\/\",\"https:\\\/\\\/www.instagram.com\\\/daichcoatings\\\/\",\"https:\\\/\\\/www.youtube.com\\\/user\\\/DaichProducts\"]}]}<\/script>\n<!-- \/ Yoast SEO plugin. -->","yoast_head_json":{"title":"Daich Coatings privacy PolicyPrivacy Policy - Daich Coatings","description":"Daich Coatings privacy Policy","robots":{"index":"index","follow":"follow","max-snippet":"max-snippet:-1","max-image-preview":"max-image-preview:large","max-video-preview":"max-video-preview:-1"},"canonical":"https:\/\/daichcoatings.com\/fr\/privacy-policy\/","og_locale":"fr_CA","og_type":"article","og_title":"Daich Coatings privacy PolicyPrivacy Policy - Daich Coatings","og_description":"Daich Coatings privacy Policy","og_url":"https:\/\/daichcoatings.com\/fr\/privacy-policy\/","og_site_name":"Daich Coatings","article_publisher":"https:\/\/www.facebook.com\/Decorativecoatingoverlays\/","article_modified_time":"2021-05-18T19:21:24+00:00","twitter_misc":{"Estimation du temps de lecture":"3 minutes"},"schema":{"@context":"https:\/\/schema.org","@graph":[{"@type":"WebPage","@id":"https:\/\/daichcoatings.com\/privacy-policy\/","url":"https:\/\/daichcoatings.com\/privacy-policy\/","name":"Daich Coatings privacy PolicyPrivacy Policy - Daich Coatings","isPartOf":{"@id":"https:\/\/daichcoatings.com\/#website"},"datePublished":"2021-03-31T17:31:59+00:00","dateModified":"2021-05-18T19:21:24+00:00","description":"Daich Coatings privacy Policy","breadcrumb":{"@id":"https:\/\/daichcoatings.com\/privacy-policy\/#breadcrumb"},"inLanguage":"fr-CA","potentialAction":[{"@type":"ReadAction","target":["https:\/\/daichcoatings.com\/privacy-policy\/"]}]},{"@type":"BreadcrumbList","@id":"https:\/\/daichcoatings.com\/privacy-policy\/#breadcrumb","itemListElement":[{"@type":"ListItem","position":1,"name":"Home","item":"https:\/\/daichcoatings.com\/"},{"@type":"ListItem","position":2,"name":"Privacy Policy"}]},{"@type":"WebSite","@id":"https:\/\/daichcoatings.com\/#website","url":"https:\/\/daichcoatings.com\/","name":"Daich Coatings","description":"Real Stone Coatings!","publisher":{"@id":"https:\/\/daichcoatings.com\/#organization"},"potentialAction":[{"@type":"SearchAction","target":{"@type":"EntryPoint","urlTemplate":"https:\/\/daichcoatings.com\/?s={search_term_string}"},"query-input":{"@type":"PropertyValueSpecification","valueRequired":true,"valueName":"search_term_string"}}],"inLanguage":"fr-CA"},{"@type":"Organization","@id":"https:\/\/daichcoatings.com\/#organization","name":"Daich Coatings Inc","url":"https:\/\/daichcoatings.com\/","logo":{"@type":"ImageObject","inLanguage":"fr-CA","@id":"https:\/\/daichcoatings.com\/#\/schema\/logo\/image\/","url":"https:\/\/daichcoatings.com\/wp-content\/uploads\/2025\/01\/Daich-Logo-2014-72_resize.png","contentUrl":"https:\/\/daichcoatings.com\/wp-content\/uploads\/2025\/01\/Daich-Logo-2014-72_resize.png","width":194,"height":200,"caption":"Daich Coatings Inc"},"image":{"@id":"https:\/\/daichcoatings.com\/#\/schema\/logo\/image\/"},"sameAs":["https:\/\/www.facebook.com\/Decorativecoatingoverlays\/","https:\/\/www.instagram.com\/daichcoatings\/","https:\/\/www.youtube.com\/user\/DaichProducts"]}]}},"jetpack_sharing_enabled":true,"_links":{"self":[{"href":"https:\/\/daichcoatings.com\/fr\/wp-json\/wp\/v2\/pages\/33436","targetHints":{"allow":["GET"]}}],"collection":[{"href":"https:\/\/daichcoatings.com\/fr\/wp-json\/wp\/v2\/pages"}],"about":[{"href":"https:\/\/daichcoatings.com\/fr\/wp-json\/wp\/v2\/types\/page"}],"author":[{"embeddable":true,"href":"https:\/\/daichcoatings.com\/fr\/wp-json\/wp\/v2\/users\/1"}],"replies":[{"embeddable":true,"href":"https:\/\/daichcoatings.com\/fr\/wp-json\/wp\/v2\/comments?post=33436"}],"version-history":[{"count":0,"href":"https:\/\/daichcoatings.com\/fr\/wp-json\/wp\/v2\/pages\/33436\/revisions"}],"wp:attachment":[{"href":"https:\/\/daichcoatings.com\/fr\/wp-json\/wp\/v2\/media?parent=33436"}],"curies":[{"name":"wp","href":"https:\/\/api.w.org\/{rel}","templated":true}]}}